{"id":932,"date":"2023-03-31T14:25:23","date_gmt":"2023-03-31T13:25:23","guid":{"rendered":"https:\/\/juicyagency.com\/preprod\/after-school-french\/"},"modified":"2024-10-13T21:25:47","modified_gmt":"2024-10-13T20:25:47","slug":"activites-extra-scolaires-bilingues","status":"publish","type":"page","link":"https:\/\/lepetitcoursdurocher.com\/fr\/activites-extra-scolaires-bilingues\/","title":{"rendered":"Activites Extrascolaires"},"content":{"rendered":"<div id=\"cs-content\" class=\"cs-content\"><\/div>\n","protected":false},"excerpt":{"rendered":"<p>Activit&eacute;s Extra-Scolaires Les activit&eacute;s extra-scolaires propos&eacute;es par notre &eacute;cole bilingue, enrichissent le cursus scolaire des enfants. Elles permettent l&rsquo;approfondissement des mati&egrave;res STEM et de l&rsquo;enseignement bilingue fran&ccedil;ais-anglais initi&eacute;s dans nos &eacute;coles maternelles et primaires. Les activit&eacute;s extra-scolaires sont dispens&eacute;es chaque semaine par des intervenants soigneusement s&eacute;lectionn&eacute;s pour leur passion de la discipline enseign&eacute;e, leur exp&eacute;rience avec les enfants et leur &#8230; <a href=\"https:\/\/lepetitcoursdurocher.com\/fr\/activites-extra-scolaires-bilingues\/\" class=\"more-link\">Read More<\/a><\/p>\n","protected":false},"author":2,"featured_media":0,"parent":0,"menu_order":0,"comment_status":"closed","ping_status":"closed","template":"template-blank-4.php","meta":{"footnotes":""},"class_list":["post-932","page","type-page","status-publish","hentry","no-post-thumbnail"],"yoast_head":"<!-- This site is optimized with the Yoast SEO plugin v27.4 - https:\/\/yoast.com\/product\/yoast-seo-wordpress\/ -->\n<title>Activit\u00e9s bilingues extra-scolaires - Le Petit Cours du Rocher<\/title>\n<meta name=\"description\" content=\"Inscrivez-vous aux activit\u00e9s extra-scolaires de l&#039;\u00e9cole bilingue Le Petit Cours du Rocher \u2713STEM uniques \u2713Wednesday&#039;s Club \u2713Engineering for kids \u2713Summer camp\" \/>\n<meta name=\"robots\" content=\"index, follow, max-snippet:-1, max-image-preview:large, max-video-preview:-1\" \/>\n<link rel=\"canonical\" href=\"https:\/\/lepetitcoursdurocher.com\/fr\/activites-extra-scolaires-bilingues\/\" \/>\n<meta property=\"og:locale\" content=\"fr_FR\" \/>\n<meta property=\"og:type\" content=\"article\" \/>\n<meta property=\"og:title\" content=\"Activit\u00e9s bilingues extra-scolaires - Le Petit Cours du Rocher\" \/>\n<meta property=\"og:description\" content=\"Inscrivez-vous aux activit\u00e9s extra-scolaires de l&#039;\u00e9cole bilingue Le Petit Cours du Rocher \u2713STEM uniques \u2713Wednesday&#039;s Club \u2713Engineering for kids \u2713Summer camp\" \/>\n<meta property=\"og:url\" content=\"https:\/\/lepetitcoursdurocher.com\/fr\/activites-extra-scolaires-bilingues\/\" \/>\n<meta property=\"og:site_name\" content=\"Le Petit Cours du Rocher\" \/>\n<meta property=\"article:modified_time\" content=\"2024-10-13T20:25:47+00:00\" \/>\n<meta property=\"og:image\" content=\"https:\/\/s.w.org\/images\/core\/emoji\/14.0.0\/svg\/25b6.svg\" \/>\n<meta name=\"twitter:card\" content=\"summary_large_image\" \/>\n<meta name=\"twitter:label1\" content=\"Dur\u00e9e de lecture estim\u00e9e\" \/>\n\t<meta name=\"twitter:data1\" content=\"7 minutes\" \/>\n<script type=\"application\/ld+json\" class=\"yoast-schema-graph\">{\"@context\":\"https:\\\/\\\/schema.org\",\"@graph\":[{\"@type\":\"WebPage\",\"@id\":\"https:\\\/\\\/lepetitcoursdurocher.com\\\/fr\\\/activites-extra-scolaires-bilingues\\\/\",\"url\":\"https:\\\/\\\/lepetitcoursdurocher.com\\\/fr\\\/activites-extra-scolaires-bilingues\\\/\",\"name\":\"Activit\u00e9s bilingues extra-scolaires - Le Petit Cours du Rocher\",\"isPartOf\":{\"@id\":\"https:\\\/\\\/lepetitcoursdurocher.com\\\/#website\"},\"primaryImageOfPage\":{\"@id\":\"https:\\\/\\\/lepetitcoursdurocher.com\\\/fr\\\/activites-extra-scolaires-bilingues\\\/#primaryimage\"},\"image\":{\"@id\":\"https:\\\/\\\/lepetitcoursdurocher.com\\\/fr\\\/activites-extra-scolaires-bilingues\\\/#primaryimage\"},\"thumbnailUrl\":\"https:\\\/\\\/s.w.org\\\/images\\\/core\\\/emoji\\\/14.0.0\\\/svg\\\/25b6.svg\",\"datePublished\":\"2023-03-31T13:25:23+00:00\",\"dateModified\":\"2024-10-13T20:25:47+00:00\",\"description\":\"Inscrivez-vous aux activit\u00e9s extra-scolaires de l'\u00e9cole bilingue Le Petit Cours du Rocher \u2713STEM uniques \u2713Wednesday's Club \u2713Engineering for kids \u2713Summer camp\",\"breadcrumb\":{\"@id\":\"https:\\\/\\\/lepetitcoursdurocher.com\\\/fr\\\/activites-extra-scolaires-bilingues\\\/#breadcrumb\"},\"inLanguage\":\"fr-FR\",\"potentialAction\":[{\"@type\":\"ReadAction\",\"target\":[\"https:\\\/\\\/lepetitcoursdurocher.com\\\/fr\\\/activites-extra-scolaires-bilingues\\\/\"]}]},{\"@type\":\"ImageObject\",\"inLanguage\":\"fr-FR\",\"@id\":\"https:\\\/\\\/lepetitcoursdurocher.com\\\/fr\\\/activites-extra-scolaires-bilingues\\\/#primaryimage\",\"url\":\"https:\\\/\\\/s.w.org\\\/images\\\/core\\\/emoji\\\/14.0.0\\\/svg\\\/25b6.svg\",\"contentUrl\":\"https:\\\/\\\/s.w.org\\\/images\\\/core\\\/emoji\\\/14.0.0\\\/svg\\\/25b6.svg\"},{\"@type\":\"BreadcrumbList\",\"@id\":\"https:\\\/\\\/lepetitcoursdurocher.com\\\/fr\\\/activites-extra-scolaires-bilingues\\\/#breadcrumb\",\"itemListElement\":[{\"@type\":\"ListItem\",\"position\":1,\"name\":\"Home\",\"item\":\"https:\\\/\\\/lepetitcoursdurocher.com\\\/fr\\\/\"},{\"@type\":\"ListItem\",\"position\":2,\"name\":\"Activites Extrascolaires\"}]},{\"@type\":\"WebSite\",\"@id\":\"https:\\\/\\\/lepetitcoursdurocher.com\\\/#website\",\"url\":\"https:\\\/\\\/lepetitcoursdurocher.com\\\/\",\"name\":\"Le Petit Cours du Rocher\",\"description\":\"cr\u00e8che bilingue \u00e9cole maternelle bilingue et \u00e9cole primaire bilingues \u00e0 Paris\",\"publisher\":{\"@id\":\"https:\\\/\\\/lepetitcoursdurocher.com\\\/#organization\"},\"potentialAction\":[{\"@type\":\"SearchAction\",\"target\":{\"@type\":\"EntryPoint\",\"urlTemplate\":\"https:\\\/\\\/lepetitcoursdurocher.com\\\/?s={search_term_string}\"},\"query-input\":{\"@type\":\"PropertyValueSpecification\",\"valueRequired\":true,\"valueName\":\"search_term_string\"}}],\"inLanguage\":\"fr-FR\"},{\"@type\":\"Organization\",\"@id\":\"https:\\\/\\\/lepetitcoursdurocher.com\\\/#organization\",\"name\":\"Le Petit Cours du Rocher\",\"alternateName\":\"Le Cours du Rocher\",\"url\":\"https:\\\/\\\/lepetitcoursdurocher.com\\\/\",\"logo\":{\"@type\":\"ImageObject\",\"inLanguage\":\"fr-FR\",\"@id\":\"https:\\\/\\\/lepetitcoursdurocher.com\\\/#\\\/schema\\\/logo\\\/image\\\/\",\"url\":\"https:\\\/\\\/lepetitcoursdurocher.com\\\/wp-content\\\/uploads\\\/2024\\\/02\\\/logo-le-petit-cours-du-rocher-footer.png\",\"contentUrl\":\"https:\\\/\\\/lepetitcoursdurocher.com\\\/wp-content\\\/uploads\\\/2024\\\/02\\\/logo-le-petit-cours-du-rocher-footer.png\",\"width\":448,\"height\":448,\"caption\":\"Le Petit Cours du Rocher\"},\"image\":{\"@id\":\"https:\\\/\\\/lepetitcoursdurocher.com\\\/#\\\/schema\\\/logo\\\/image\\\/\"}}]}<\/script>\n<!-- \/ Yoast SEO plugin. -->","yoast_head_json":{"title":"Activit\u00e9s bilingues extra-scolaires - Le Petit Cours du Rocher","description":"Inscrivez-vous aux activit\u00e9s extra-scolaires de l'\u00e9cole bilingue Le Petit Cours du Rocher \u2713STEM uniques \u2713Wednesday's Club \u2713Engineering for kids \u2713Summer camp","robots":{"index":"index","follow":"follow","max-snippet":"max-snippet:-1","max-image-preview":"max-image-preview:large","max-video-preview":"max-video-preview:-1"},"canonical":"https:\/\/lepetitcoursdurocher.com\/fr\/activites-extra-scolaires-bilingues\/","og_locale":"fr_FR","og_type":"article","og_title":"Activit\u00e9s bilingues extra-scolaires - Le Petit Cours du Rocher","og_description":"Inscrivez-vous aux activit\u00e9s extra-scolaires de l'\u00e9cole bilingue Le Petit Cours du Rocher \u2713STEM uniques \u2713Wednesday's Club \u2713Engineering for kids \u2713Summer camp","og_url":"https:\/\/lepetitcoursdurocher.com\/fr\/activites-extra-scolaires-bilingues\/","og_site_name":"Le Petit Cours du Rocher","article_modified_time":"2024-10-13T20:25:47+00:00","og_image":[{"url":"https:\/\/s.w.org\/images\/core\/emoji\/14.0.0\/svg\/25b6.svg","type":"","width":"","height":""}],"twitter_card":"summary_large_image","twitter_misc":{"Dur\u00e9e de lecture estim\u00e9e":"7 minutes"},"schema":{"@context":"https:\/\/schema.org","@graph":[{"@type":"WebPage","@id":"https:\/\/lepetitcoursdurocher.com\/fr\/activites-extra-scolaires-bilingues\/","url":"https:\/\/lepetitcoursdurocher.com\/fr\/activites-extra-scolaires-bilingues\/","name":"Activit\u00e9s bilingues extra-scolaires - Le Petit Cours du Rocher","isPartOf":{"@id":"https:\/\/lepetitcoursdurocher.com\/#website"},"primaryImageOfPage":{"@id":"https:\/\/lepetitcoursdurocher.com\/fr\/activites-extra-scolaires-bilingues\/#primaryimage"},"image":{"@id":"https:\/\/lepetitcoursdurocher.com\/fr\/activites-extra-scolaires-bilingues\/#primaryimage"},"thumbnailUrl":"https:\/\/s.w.org\/images\/core\/emoji\/14.0.0\/svg\/25b6.svg","datePublished":"2023-03-31T13:25:23+00:00","dateModified":"2024-10-13T20:25:47+00:00","description":"Inscrivez-vous aux activit\u00e9s extra-scolaires de l'\u00e9cole bilingue Le Petit Cours du Rocher \u2713STEM uniques \u2713Wednesday's Club \u2713Engineering for kids \u2713Summer camp","breadcrumb":{"@id":"https:\/\/lepetitcoursdurocher.com\/fr\/activites-extra-scolaires-bilingues\/#breadcrumb"},"inLanguage":"fr-FR","potentialAction":[{"@type":"ReadAction","target":["https:\/\/lepetitcoursdurocher.com\/fr\/activites-extra-scolaires-bilingues\/"]}]},{"@type":"ImageObject","inLanguage":"fr-FR","@id":"https:\/\/lepetitcoursdurocher.com\/fr\/activites-extra-scolaires-bilingues\/#primaryimage","url":"https:\/\/s.w.org\/images\/core\/emoji\/14.0.0\/svg\/25b6.svg","contentUrl":"https:\/\/s.w.org\/images\/core\/emoji\/14.0.0\/svg\/25b6.svg"},{"@type":"BreadcrumbList","@id":"https:\/\/lepetitcoursdurocher.com\/fr\/activites-extra-scolaires-bilingues\/#breadcrumb","itemListElement":[{"@type":"ListItem","position":1,"name":"Home","item":"https:\/\/lepetitcoursdurocher.com\/fr\/"},{"@type":"ListItem","position":2,"name":"Activites Extrascolaires"}]},{"@type":"WebSite","@id":"https:\/\/lepetitcoursdurocher.com\/#website","url":"https:\/\/lepetitcoursdurocher.com\/","name":"Le Petit Cours du Rocher","description":"cr\u00e8che bilingue \u00e9cole maternelle bilingue et \u00e9cole primaire bilingues \u00e0 Paris","publisher":{"@id":"https:\/\/lepetitcoursdurocher.com\/#organization"},"potentialAction":[{"@type":"SearchAction","target":{"@type":"EntryPoint","urlTemplate":"https:\/\/lepetitcoursdurocher.com\/?s={search_term_string}"},"query-input":{"@type":"PropertyValueSpecification","valueRequired":true,"valueName":"search_term_string"}}],"inLanguage":"fr-FR"},{"@type":"Organization","@id":"https:\/\/lepetitcoursdurocher.com\/#organization","name":"Le Petit Cours du Rocher","alternateName":"Le Cours du Rocher","url":"https:\/\/lepetitcoursdurocher.com\/","logo":{"@type":"ImageObject","inLanguage":"fr-FR","@id":"https:\/\/lepetitcoursdurocher.com\/#\/schema\/logo\/image\/","url":"https:\/\/lepetitcoursdurocher.com\/wp-content\/uploads\/2024\/02\/logo-le-petit-cours-du-rocher-footer.png","contentUrl":"https:\/\/lepetitcoursdurocher.com\/wp-content\/uploads\/2024\/02\/logo-le-petit-cours-du-rocher-footer.png","width":448,"height":448,"caption":"Le Petit Cours du Rocher"},"image":{"@id":"https:\/\/lepetitcoursdurocher.com\/#\/schema\/logo\/image\/"}}]}},"_links":{"self":[{"href":"https:\/\/lepetitcoursdurocher.com\/fr\/wp-json\/wp\/v2\/pages\/932","targetHints":{"allow":["GET"]}}],"collection":[{"href":"https:\/\/lepetitcoursdurocher.com\/fr\/wp-json\/wp\/v2\/pages"}],"about":[{"href":"https:\/\/lepetitcoursdurocher.com\/fr\/wp-json\/wp\/v2\/types\/page"}],"author":[{"embeddable":true,"href":"https:\/\/lepetitcoursdurocher.com\/fr\/wp-json\/wp\/v2\/users\/2"}],"replies":[{"embeddable":true,"href":"https:\/\/lepetitcoursdurocher.com\/fr\/wp-json\/wp\/v2\/comments?post=932"}],"version-history":[{"count":14,"href":"https:\/\/lepetitcoursdurocher.com\/fr\/wp-json\/wp\/v2\/pages\/932\/revisions"}],"predecessor-version":[{"id":1637,"href":"https:\/\/lepetitcoursdurocher.com\/fr\/wp-json\/wp\/v2\/pages\/932\/revisions\/1637"}],"wp:attachment":[{"href":"https:\/\/lepetitcoursdurocher.com\/fr\/wp-json\/wp\/v2\/media?parent=932"}],"curies":[{"name":"wp","href":"https:\/\/api.w.org\/{rel}","templated":true}]}}