{"id":910,"date":"2015-03-12T22:33:04","date_gmt":"2015-03-12T21:33:04","guid":{"rendered":"https:\/\/juicyagency.com\/preprod\/about-french\/"},"modified":"2026-03-10T18:44:24","modified_gmt":"2026-03-10T17:44:24","slug":"about-2","status":"publish","type":"page","link":"https:\/\/lepetitcoursdurocher.com\/fr\/about-2\/","title":{"rendered":"Qui Sommes-Nous ?"},"content":{"rendered":"<div id=\"cs-content\" class=\"cs-content\"><\/div>\n","protected":false},"excerpt":{"rendered":"<p>Notre Projet P&eacute;dagogique Bilinguisme en Immersion \u00ab\u00a0Les limites de mon langage fixent les limites de mon monde\u00a0\u00bb Ludwig Wittgenstein, Math\u00e9maticien et Philosophe du Langage. L\u2019immersion\u00a0linguistique reproduit la fa\u00e7on naturelle dont le b\u00e9b\u00e9 apprend sa langue natale : il \u00e9coute, il absorbe, puis un jour\u2026 il parle ! L\u2019immersion\u00a0permet de maximiser l\u2019exposition au langage. Les enseignant(es) et assistantes s\u2019expriment uniquement dans &#8230; <a href=\"https:\/\/lepetitcoursdurocher.com\/fr\/about-2\/\" class=\"more-link\">Read More<\/a><\/p>\n","protected":false},"author":2,"featured_media":834,"parent":0,"menu_order":0,"comment_status":"closed","ping_status":"open","template":"template-blank-4.php","meta":{"footnotes":""},"class_list":["post-910","page","type-page","status-publish","has-post-thumbnail","hentry"],"yoast_head":"<!-- This site is optimized with the Yoast SEO plugin v27.4 - https:\/\/yoast.com\/product\/yoast-seo-wordpress\/ -->\n<title>\u00c9cole bilingue Le Petit Cours du Rocher \u00e0 Paris<\/title>\n<meta name=\"description\" content=\"En savoir plus sur Le Petit Cours du Rocher: une \u00e9cole bilingue priv\u00e9e fond\u00e9e en 1953 \u2713Projet P\u00e9dagogique \u2713Histoire \u2713L&#039;\u00c9quipe\" \/>\n<meta name=\"robots\" content=\"index, follow, max-snippet:-1, max-image-preview:large, max-video-preview:-1\" \/>\n<link rel=\"canonical\" href=\"https:\/\/lepetitcoursdurocher.com\/fr\/about-2\/\" \/>\n<meta property=\"og:locale\" content=\"fr_FR\" \/>\n<meta property=\"og:type\" content=\"article\" \/>\n<meta property=\"og:title\" content=\"\u00c9cole bilingue Le Petit Cours du Rocher \u00e0 Paris\" \/>\n<meta property=\"og:description\" content=\"En savoir plus sur Le Petit Cours du Rocher: une \u00e9cole bilingue priv\u00e9e fond\u00e9e en 1953 \u2713Projet P\u00e9dagogique \u2713Histoire \u2713L&#039;\u00c9quipe\" \/>\n<meta property=\"og:url\" content=\"https:\/\/lepetitcoursdurocher.com\/fr\/about-2\/\" \/>\n<meta property=\"og:site_name\" content=\"Le Petit Cours du Rocher\" \/>\n<meta property=\"article:modified_time\" content=\"2026-03-10T17:44:24+00:00\" \/>\n<meta property=\"og:image\" content=\"https:\/\/lepetitcoursdurocher.com\/wp-content\/uploads\/2023\/06\/2-scaled.jpg\" \/>\n\t<meta property=\"og:image:width\" content=\"2560\" \/>\n\t<meta property=\"og:image:height\" content=\"1562\" \/>\n\t<meta property=\"og:image:type\" content=\"image\/jpeg\" \/>\n<meta name=\"twitter:card\" content=\"summary_large_image\" \/>\n<meta name=\"twitter:label1\" content=\"Dur\u00e9e de lecture estim\u00e9e\" \/>\n\t<meta name=\"twitter:data1\" content=\"5 minutes\" \/>\n<script type=\"application\/ld+json\" class=\"yoast-schema-graph\">{\"@context\":\"https:\\\/\\\/schema.org\",\"@graph\":[{\"@type\":\"WebPage\",\"@id\":\"https:\\\/\\\/lepetitcoursdurocher.com\\\/fr\\\/about-2\\\/\",\"url\":\"https:\\\/\\\/lepetitcoursdurocher.com\\\/fr\\\/about-2\\\/\",\"name\":\"\u00c9cole bilingue Le Petit Cours du Rocher \u00e0 Paris\",\"isPartOf\":{\"@id\":\"https:\\\/\\\/lepetitcoursdurocher.com\\\/#website\"},\"primaryImageOfPage\":{\"@id\":\"https:\\\/\\\/lepetitcoursdurocher.com\\\/fr\\\/about-2\\\/#primaryimage\"},\"image\":{\"@id\":\"https:\\\/\\\/lepetitcoursdurocher.com\\\/fr\\\/about-2\\\/#primaryimage\"},\"thumbnailUrl\":\"https:\\\/\\\/lepetitcoursdurocher.com\\\/wp-content\\\/uploads\\\/2023\\\/06\\\/2-scaled.jpg\",\"datePublished\":\"2015-03-12T21:33:04+00:00\",\"dateModified\":\"2026-03-10T17:44:24+00:00\",\"description\":\"En savoir plus sur Le Petit Cours du Rocher: une \u00e9cole bilingue priv\u00e9e fond\u00e9e en 1953 \u2713Projet P\u00e9dagogique \u2713Histoire \u2713L'\u00c9quipe\",\"breadcrumb\":{\"@id\":\"https:\\\/\\\/lepetitcoursdurocher.com\\\/fr\\\/about-2\\\/#breadcrumb\"},\"inLanguage\":\"fr-FR\",\"potentialAction\":[{\"@type\":\"ReadAction\",\"target\":[\"https:\\\/\\\/lepetitcoursdurocher.com\\\/fr\\\/about-2\\\/\"]}]},{\"@type\":\"ImageObject\",\"inLanguage\":\"fr-FR\",\"@id\":\"https:\\\/\\\/lepetitcoursdurocher.com\\\/fr\\\/about-2\\\/#primaryimage\",\"url\":\"https:\\\/\\\/lepetitcoursdurocher.com\\\/wp-content\\\/uploads\\\/2023\\\/06\\\/2-scaled.jpg\",\"contentUrl\":\"https:\\\/\\\/lepetitcoursdurocher.com\\\/wp-content\\\/uploads\\\/2023\\\/06\\\/2-scaled.jpg\",\"width\":2560,\"height\":1562},{\"@type\":\"BreadcrumbList\",\"@id\":\"https:\\\/\\\/lepetitcoursdurocher.com\\\/fr\\\/about-2\\\/#breadcrumb\",\"itemListElement\":[{\"@type\":\"ListItem\",\"position\":1,\"name\":\"Home\",\"item\":\"https:\\\/\\\/lepetitcoursdurocher.com\\\/fr\\\/\"},{\"@type\":\"ListItem\",\"position\":2,\"name\":\"Qui Sommes-Nous ?\"}]},{\"@type\":\"WebSite\",\"@id\":\"https:\\\/\\\/lepetitcoursdurocher.com\\\/#website\",\"url\":\"https:\\\/\\\/lepetitcoursdurocher.com\\\/\",\"name\":\"Le Petit Cours du Rocher\",\"description\":\"cr\u00e8che bilingue \u00e9cole maternelle bilingue et \u00e9cole primaire bilingues \u00e0 Paris\",\"publisher\":{\"@id\":\"https:\\\/\\\/lepetitcoursdurocher.com\\\/#organization\"},\"potentialAction\":[{\"@type\":\"SearchAction\",\"target\":{\"@type\":\"EntryPoint\",\"urlTemplate\":\"https:\\\/\\\/lepetitcoursdurocher.com\\\/?s={search_term_string}\"},\"query-input\":{\"@type\":\"PropertyValueSpecification\",\"valueRequired\":true,\"valueName\":\"search_term_string\"}}],\"inLanguage\":\"fr-FR\"},{\"@type\":\"Organization\",\"@id\":\"https:\\\/\\\/lepetitcoursdurocher.com\\\/#organization\",\"name\":\"Le Petit Cours du Rocher\",\"alternateName\":\"Le Cours du Rocher\",\"url\":\"https:\\\/\\\/lepetitcoursdurocher.com\\\/\",\"logo\":{\"@type\":\"ImageObject\",\"inLanguage\":\"fr-FR\",\"@id\":\"https:\\\/\\\/lepetitcoursdurocher.com\\\/#\\\/schema\\\/logo\\\/image\\\/\",\"url\":\"https:\\\/\\\/lepetitcoursdurocher.com\\\/wp-content\\\/uploads\\\/2024\\\/02\\\/logo-le-petit-cours-du-rocher-footer.png\",\"contentUrl\":\"https:\\\/\\\/lepetitcoursdurocher.com\\\/wp-content\\\/uploads\\\/2024\\\/02\\\/logo-le-petit-cours-du-rocher-footer.png\",\"width\":448,\"height\":448,\"caption\":\"Le Petit Cours du Rocher\"},\"image\":{\"@id\":\"https:\\\/\\\/lepetitcoursdurocher.com\\\/#\\\/schema\\\/logo\\\/image\\\/\"}}]}<\/script>\n<!-- \/ Yoast SEO plugin. -->","yoast_head_json":{"title":"\u00c9cole bilingue Le Petit Cours du Rocher \u00e0 Paris","description":"En savoir plus sur Le Petit Cours du Rocher: une \u00e9cole bilingue priv\u00e9e fond\u00e9e en 1953 \u2713Projet P\u00e9dagogique \u2713Histoire \u2713L'\u00c9quipe","robots":{"index":"index","follow":"follow","max-snippet":"max-snippet:-1","max-image-preview":"max-image-preview:large","max-video-preview":"max-video-preview:-1"},"canonical":"https:\/\/lepetitcoursdurocher.com\/fr\/about-2\/","og_locale":"fr_FR","og_type":"article","og_title":"\u00c9cole bilingue Le Petit Cours du Rocher \u00e0 Paris","og_description":"En savoir plus sur Le Petit Cours du Rocher: une \u00e9cole bilingue priv\u00e9e fond\u00e9e en 1953 \u2713Projet P\u00e9dagogique \u2713Histoire \u2713L'\u00c9quipe","og_url":"https:\/\/lepetitcoursdurocher.com\/fr\/about-2\/","og_site_name":"Le Petit Cours du Rocher","article_modified_time":"2026-03-10T17:44:24+00:00","og_image":[{"width":2560,"height":1562,"url":"https:\/\/lepetitcoursdurocher.com\/wp-content\/uploads\/2023\/06\/2-scaled.jpg","type":"image\/jpeg"}],"twitter_card":"summary_large_image","twitter_misc":{"Dur\u00e9e de lecture estim\u00e9e":"5 minutes"},"schema":{"@context":"https:\/\/schema.org","@graph":[{"@type":"WebPage","@id":"https:\/\/lepetitcoursdurocher.com\/fr\/about-2\/","url":"https:\/\/lepetitcoursdurocher.com\/fr\/about-2\/","name":"\u00c9cole bilingue Le Petit Cours du Rocher \u00e0 Paris","isPartOf":{"@id":"https:\/\/lepetitcoursdurocher.com\/#website"},"primaryImageOfPage":{"@id":"https:\/\/lepetitcoursdurocher.com\/fr\/about-2\/#primaryimage"},"image":{"@id":"https:\/\/lepetitcoursdurocher.com\/fr\/about-2\/#primaryimage"},"thumbnailUrl":"https:\/\/lepetitcoursdurocher.com\/wp-content\/uploads\/2023\/06\/2-scaled.jpg","datePublished":"2015-03-12T21:33:04+00:00","dateModified":"2026-03-10T17:44:24+00:00","description":"En savoir plus sur Le Petit Cours du Rocher: une \u00e9cole bilingue priv\u00e9e fond\u00e9e en 1953 \u2713Projet P\u00e9dagogique \u2713Histoire \u2713L'\u00c9quipe","breadcrumb":{"@id":"https:\/\/lepetitcoursdurocher.com\/fr\/about-2\/#breadcrumb"},"inLanguage":"fr-FR","potentialAction":[{"@type":"ReadAction","target":["https:\/\/lepetitcoursdurocher.com\/fr\/about-2\/"]}]},{"@type":"ImageObject","inLanguage":"fr-FR","@id":"https:\/\/lepetitcoursdurocher.com\/fr\/about-2\/#primaryimage","url":"https:\/\/lepetitcoursdurocher.com\/wp-content\/uploads\/2023\/06\/2-scaled.jpg","contentUrl":"https:\/\/lepetitcoursdurocher.com\/wp-content\/uploads\/2023\/06\/2-scaled.jpg","width":2560,"height":1562},{"@type":"BreadcrumbList","@id":"https:\/\/lepetitcoursdurocher.com\/fr\/about-2\/#breadcrumb","itemListElement":[{"@type":"ListItem","position":1,"name":"Home","item":"https:\/\/lepetitcoursdurocher.com\/fr\/"},{"@type":"ListItem","position":2,"name":"Qui Sommes-Nous ?"}]},{"@type":"WebSite","@id":"https:\/\/lepetitcoursdurocher.com\/#website","url":"https:\/\/lepetitcoursdurocher.com\/","name":"Le Petit Cours du Rocher","description":"cr\u00e8che bilingue \u00e9cole maternelle bilingue et \u00e9cole primaire bilingues \u00e0 Paris","publisher":{"@id":"https:\/\/lepetitcoursdurocher.com\/#organization"},"potentialAction":[{"@type":"SearchAction","target":{"@type":"EntryPoint","urlTemplate":"https:\/\/lepetitcoursdurocher.com\/?s={search_term_string}"},"query-input":{"@type":"PropertyValueSpecification","valueRequired":true,"valueName":"search_term_string"}}],"inLanguage":"fr-FR"},{"@type":"Organization","@id":"https:\/\/lepetitcoursdurocher.com\/#organization","name":"Le Petit Cours du Rocher","alternateName":"Le Cours du Rocher","url":"https:\/\/lepetitcoursdurocher.com\/","logo":{"@type":"ImageObject","inLanguage":"fr-FR","@id":"https:\/\/lepetitcoursdurocher.com\/#\/schema\/logo\/image\/","url":"https:\/\/lepetitcoursdurocher.com\/wp-content\/uploads\/2024\/02\/logo-le-petit-cours-du-rocher-footer.png","contentUrl":"https:\/\/lepetitcoursdurocher.com\/wp-content\/uploads\/2024\/02\/logo-le-petit-cours-du-rocher-footer.png","width":448,"height":448,"caption":"Le Petit Cours du Rocher"},"image":{"@id":"https:\/\/lepetitcoursdurocher.com\/#\/schema\/logo\/image\/"}}]}},"_links":{"self":[{"href":"https:\/\/lepetitcoursdurocher.com\/fr\/wp-json\/wp\/v2\/pages\/910","targetHints":{"allow":["GET"]}}],"collection":[{"href":"https:\/\/lepetitcoursdurocher.com\/fr\/wp-json\/wp\/v2\/pages"}],"about":[{"href":"https:\/\/lepetitcoursdurocher.com\/fr\/wp-json\/wp\/v2\/types\/page"}],"author":[{"embeddable":true,"href":"https:\/\/lepetitcoursdurocher.com\/fr\/wp-json\/wp\/v2\/users\/2"}],"replies":[{"embeddable":true,"href":"https:\/\/lepetitcoursdurocher.com\/fr\/wp-json\/wp\/v2\/comments?post=910"}],"version-history":[{"count":5,"href":"https:\/\/lepetitcoursdurocher.com\/fr\/wp-json\/wp\/v2\/pages\/910\/revisions"}],"predecessor-version":[{"id":1735,"href":"https:\/\/lepetitcoursdurocher.com\/fr\/wp-json\/wp\/v2\/pages\/910\/revisions\/1735"}],"wp:featuredmedia":[{"embeddable":true,"href":"https:\/\/lepetitcoursdurocher.com\/fr\/wp-json\/wp\/v2\/media\/834"}],"wp:attachment":[{"href":"https:\/\/lepetitcoursdurocher.com\/fr\/wp-json\/wp\/v2\/media?parent=910"}],"curies":[{"name":"wp","href":"https:\/\/api.w.org\/{rel}","templated":true}]}}