{"id":884,"date":"2023-11-22T18:47:06","date_gmt":"2023-11-22T17:47:06","guid":{"rendered":"https:\/\/juicyagency.com\/preprod\/?page_id=884"},"modified":"2024-03-29T18:30:47","modified_gmt":"2024-03-29T17:30:47","slug":"programme-activite-ecole-maternelle-bilingue","status":"publish","type":"page","link":"https:\/\/lepetitcoursdurocher.com\/fr\/programme-activite-ecole-maternelle-bilingue\/","title":{"rendered":"Engineering for Kids (fr)"},"content":{"rendered":"<div id=\"cs-content\" class=\"cs-content\"><\/div>\n","protected":false},"excerpt":{"rendered":"<p>Engineering for Kids Votre enfant est-il un ing\u00e9nieur en herbe ? D\u00e9couvrez \u00ab\u00a0Engineering for Kids\u00a0\u00bb au FabLab du Rocher, o\u00f9 la technologie rencontre la cr\u00e9ativit\u00e9 ! Pourquoi Engineering for Kids ? Une Exploration Cr\u00e9ative : Plongez dans le monde de l\u2019ing\u00e9nierie et de la technologie appliqu\u00e9e, o\u00f9 le digital devient un outil de cr\u00e9ation \u00e9tonnant. D\u00e9veloppement Cognitif Pr\u00e9coce : Encouragez &#8230; <a href=\"https:\/\/lepetitcoursdurocher.com\/fr\/programme-activite-ecole-maternelle-bilingue\/\" class=\"more-link\">Read More<\/a><\/p>\n","protected":false},"author":2,"featured_media":0,"parent":0,"menu_order":0,"comment_status":"closed","ping_status":"closed","template":"template-blank-4.php","meta":{"footnotes":""},"class_list":["post-884","page","type-page","status-publish","hentry","no-post-thumbnail"],"yoast_head":"<!-- This site is optimized with the Yoast SEO plugin v27.4 - https:\/\/yoast.com\/product\/yoast-seo-wordpress\/ -->\n<title>Engineering for Kids - l&#039;aventure de l&#039;ing\u00e9nierie pour les 4-10 ans - Le Petit Cours du Rocher<\/title>\n<meta name=\"description\" content=\"D\u00e9couvrez &quot;Engineering for Kids&quot; au FabLab du Rocher \u2713Des projets &quot;Makers&quot; \u2713Plongez dans le monde de l\u2019ing\u00e9nierie \u2713Encouragez les comp\u00e9tences du 21e si\u00e8cle\" \/>\n<meta name=\"robots\" content=\"index, follow, max-snippet:-1, max-image-preview:large, max-video-preview:-1\" \/>\n<link rel=\"canonical\" href=\"https:\/\/lepetitcoursdurocher.com\/fr\/programme-activite-ecole-maternelle-bilingue\/\" \/>\n<meta property=\"og:locale\" content=\"fr_FR\" \/>\n<meta property=\"og:type\" content=\"article\" \/>\n<meta property=\"og:title\" content=\"Engineering for Kids - l&#039;aventure de l&#039;ing\u00e9nierie pour les 4-10 ans - Le Petit Cours du Rocher\" \/>\n<meta property=\"og:description\" content=\"D\u00e9couvrez &quot;Engineering for Kids&quot; au FabLab du Rocher \u2713Des projets &quot;Makers&quot; \u2713Plongez dans le monde de l\u2019ing\u00e9nierie \u2713Encouragez les comp\u00e9tences du 21e si\u00e8cle\" \/>\n<meta property=\"og:url\" content=\"https:\/\/lepetitcoursdurocher.com\/fr\/programme-activite-ecole-maternelle-bilingue\/\" \/>\n<meta property=\"og:site_name\" content=\"Le Petit Cours du Rocher\" \/>\n<meta property=\"article:modified_time\" content=\"2024-03-29T17:30:47+00:00\" \/>\n<meta property=\"og:image\" content=\"https:\/\/lepetitcoursdurocher.com\/wp-content\/uploads\/2023\/06\/maternelle-reading-quantum-compting-1-scaled.jpg\" \/>\n\t<meta property=\"og:image:width\" content=\"2560\" \/>\n\t<meta property=\"og:image:height\" content=\"1920\" \/>\n\t<meta property=\"og:image:type\" content=\"image\/jpeg\" \/>\n<meta name=\"twitter:card\" content=\"summary_large_image\" \/>\n<meta name=\"twitter:label1\" content=\"Dur\u00e9e de lecture estim\u00e9e\" \/>\n\t<meta name=\"twitter:data1\" content=\"3 minutes\" \/>\n<script type=\"application\/ld+json\" class=\"yoast-schema-graph\">{\"@context\":\"https:\\\/\\\/schema.org\",\"@graph\":[{\"@type\":\"WebPage\",\"@id\":\"https:\\\/\\\/lepetitcoursdurocher.com\\\/fr\\\/programme-activite-ecole-maternelle-bilingue\\\/\",\"url\":\"https:\\\/\\\/lepetitcoursdurocher.com\\\/fr\\\/programme-activite-ecole-maternelle-bilingue\\\/\",\"name\":\"Engineering for Kids - l'aventure de l'ing\u00e9nierie pour les 4-10 ans - Le Petit Cours du Rocher\",\"isPartOf\":{\"@id\":\"https:\\\/\\\/lepetitcoursdurocher.com\\\/#website\"},\"datePublished\":\"2023-11-22T17:47:06+00:00\",\"dateModified\":\"2024-03-29T17:30:47+00:00\",\"description\":\"D\u00e9couvrez \\\"Engineering for Kids\\\" au FabLab du Rocher \u2713Des projets \\\"Makers\\\" \u2713Plongez dans le monde de l\u2019ing\u00e9nierie \u2713Encouragez les comp\u00e9tences du 21e si\u00e8cle\",\"breadcrumb\":{\"@id\":\"https:\\\/\\\/lepetitcoursdurocher.com\\\/fr\\\/programme-activite-ecole-maternelle-bilingue\\\/#breadcrumb\"},\"inLanguage\":\"fr-FR\",\"potentialAction\":[{\"@type\":\"ReadAction\",\"target\":[\"https:\\\/\\\/lepetitcoursdurocher.com\\\/fr\\\/programme-activite-ecole-maternelle-bilingue\\\/\"]}]},{\"@type\":\"BreadcrumbList\",\"@id\":\"https:\\\/\\\/lepetitcoursdurocher.com\\\/fr\\\/programme-activite-ecole-maternelle-bilingue\\\/#breadcrumb\",\"itemListElement\":[{\"@type\":\"ListItem\",\"position\":1,\"name\":\"Home\",\"item\":\"https:\\\/\\\/lepetitcoursdurocher.com\\\/fr\\\/\"},{\"@type\":\"ListItem\",\"position\":2,\"name\":\"Engineering for Kids (fr)\"}]},{\"@type\":\"WebSite\",\"@id\":\"https:\\\/\\\/lepetitcoursdurocher.com\\\/#website\",\"url\":\"https:\\\/\\\/lepetitcoursdurocher.com\\\/\",\"name\":\"Le Petit Cours du Rocher\",\"description\":\"cr\u00e8che bilingue \u00e9cole maternelle bilingue et \u00e9cole primaire bilingues \u00e0 Paris\",\"publisher\":{\"@id\":\"https:\\\/\\\/lepetitcoursdurocher.com\\\/#organization\"},\"potentialAction\":[{\"@type\":\"SearchAction\",\"target\":{\"@type\":\"EntryPoint\",\"urlTemplate\":\"https:\\\/\\\/lepetitcoursdurocher.com\\\/?s={search_term_string}\"},\"query-input\":{\"@type\":\"PropertyValueSpecification\",\"valueRequired\":true,\"valueName\":\"search_term_string\"}}],\"inLanguage\":\"fr-FR\"},{\"@type\":\"Organization\",\"@id\":\"https:\\\/\\\/lepetitcoursdurocher.com\\\/#organization\",\"name\":\"Le Petit Cours du Rocher\",\"alternateName\":\"Le Cours du Rocher\",\"url\":\"https:\\\/\\\/lepetitcoursdurocher.com\\\/\",\"logo\":{\"@type\":\"ImageObject\",\"inLanguage\":\"fr-FR\",\"@id\":\"https:\\\/\\\/lepetitcoursdurocher.com\\\/#\\\/schema\\\/logo\\\/image\\\/\",\"url\":\"https:\\\/\\\/lepetitcoursdurocher.com\\\/wp-content\\\/uploads\\\/2024\\\/02\\\/logo-le-petit-cours-du-rocher-footer.png\",\"contentUrl\":\"https:\\\/\\\/lepetitcoursdurocher.com\\\/wp-content\\\/uploads\\\/2024\\\/02\\\/logo-le-petit-cours-du-rocher-footer.png\",\"width\":448,\"height\":448,\"caption\":\"Le Petit Cours du Rocher\"},\"image\":{\"@id\":\"https:\\\/\\\/lepetitcoursdurocher.com\\\/#\\\/schema\\\/logo\\\/image\\\/\"}}]}<\/script>\n<!-- \/ Yoast SEO plugin. -->","yoast_head_json":{"title":"Engineering for Kids - l'aventure de l'ing\u00e9nierie pour les 4-10 ans - Le Petit Cours du Rocher","description":"D\u00e9couvrez \"Engineering for Kids\" au FabLab du Rocher \u2713Des projets \"Makers\" \u2713Plongez dans le monde de l\u2019ing\u00e9nierie \u2713Encouragez les comp\u00e9tences du 21e si\u00e8cle","robots":{"index":"index","follow":"follow","max-snippet":"max-snippet:-1","max-image-preview":"max-image-preview:large","max-video-preview":"max-video-preview:-1"},"canonical":"https:\/\/lepetitcoursdurocher.com\/fr\/programme-activite-ecole-maternelle-bilingue\/","og_locale":"fr_FR","og_type":"article","og_title":"Engineering for Kids - l'aventure de l'ing\u00e9nierie pour les 4-10 ans - Le Petit Cours du Rocher","og_description":"D\u00e9couvrez \"Engineering for Kids\" au FabLab du Rocher \u2713Des projets \"Makers\" \u2713Plongez dans le monde de l\u2019ing\u00e9nierie \u2713Encouragez les comp\u00e9tences du 21e si\u00e8cle","og_url":"https:\/\/lepetitcoursdurocher.com\/fr\/programme-activite-ecole-maternelle-bilingue\/","og_site_name":"Le Petit Cours du Rocher","article_modified_time":"2024-03-29T17:30:47+00:00","og_image":[{"width":2560,"height":1920,"url":"https:\/\/lepetitcoursdurocher.com\/wp-content\/uploads\/2023\/06\/maternelle-reading-quantum-compting-1-scaled.jpg","type":"image\/jpeg"}],"twitter_card":"summary_large_image","twitter_misc":{"Dur\u00e9e de lecture estim\u00e9e":"3 minutes"},"schema":{"@context":"https:\/\/schema.org","@graph":[{"@type":"WebPage","@id":"https:\/\/lepetitcoursdurocher.com\/fr\/programme-activite-ecole-maternelle-bilingue\/","url":"https:\/\/lepetitcoursdurocher.com\/fr\/programme-activite-ecole-maternelle-bilingue\/","name":"Engineering for Kids - l'aventure de l'ing\u00e9nierie pour les 4-10 ans - Le Petit Cours du Rocher","isPartOf":{"@id":"https:\/\/lepetitcoursdurocher.com\/#website"},"datePublished":"2023-11-22T17:47:06+00:00","dateModified":"2024-03-29T17:30:47+00:00","description":"D\u00e9couvrez \"Engineering for Kids\" au FabLab du Rocher \u2713Des projets \"Makers\" \u2713Plongez dans le monde de l\u2019ing\u00e9nierie \u2713Encouragez les comp\u00e9tences du 21e si\u00e8cle","breadcrumb":{"@id":"https:\/\/lepetitcoursdurocher.com\/fr\/programme-activite-ecole-maternelle-bilingue\/#breadcrumb"},"inLanguage":"fr-FR","potentialAction":[{"@type":"ReadAction","target":["https:\/\/lepetitcoursdurocher.com\/fr\/programme-activite-ecole-maternelle-bilingue\/"]}]},{"@type":"BreadcrumbList","@id":"https:\/\/lepetitcoursdurocher.com\/fr\/programme-activite-ecole-maternelle-bilingue\/#breadcrumb","itemListElement":[{"@type":"ListItem","position":1,"name":"Home","item":"https:\/\/lepetitcoursdurocher.com\/fr\/"},{"@type":"ListItem","position":2,"name":"Engineering for Kids (fr)"}]},{"@type":"WebSite","@id":"https:\/\/lepetitcoursdurocher.com\/#website","url":"https:\/\/lepetitcoursdurocher.com\/","name":"Le Petit Cours du Rocher","description":"cr\u00e8che bilingue \u00e9cole maternelle bilingue et \u00e9cole primaire bilingues \u00e0 Paris","publisher":{"@id":"https:\/\/lepetitcoursdurocher.com\/#organization"},"potentialAction":[{"@type":"SearchAction","target":{"@type":"EntryPoint","urlTemplate":"https:\/\/lepetitcoursdurocher.com\/?s={search_term_string}"},"query-input":{"@type":"PropertyValueSpecification","valueRequired":true,"valueName":"search_term_string"}}],"inLanguage":"fr-FR"},{"@type":"Organization","@id":"https:\/\/lepetitcoursdurocher.com\/#organization","name":"Le Petit Cours du Rocher","alternateName":"Le Cours du Rocher","url":"https:\/\/lepetitcoursdurocher.com\/","logo":{"@type":"ImageObject","inLanguage":"fr-FR","@id":"https:\/\/lepetitcoursdurocher.com\/#\/schema\/logo\/image\/","url":"https:\/\/lepetitcoursdurocher.com\/wp-content\/uploads\/2024\/02\/logo-le-petit-cours-du-rocher-footer.png","contentUrl":"https:\/\/lepetitcoursdurocher.com\/wp-content\/uploads\/2024\/02\/logo-le-petit-cours-du-rocher-footer.png","width":448,"height":448,"caption":"Le Petit Cours du Rocher"},"image":{"@id":"https:\/\/lepetitcoursdurocher.com\/#\/schema\/logo\/image\/"}}]}},"_links":{"self":[{"href":"https:\/\/lepetitcoursdurocher.com\/fr\/wp-json\/wp\/v2\/pages\/884","targetHints":{"allow":["GET"]}}],"collection":[{"href":"https:\/\/lepetitcoursdurocher.com\/fr\/wp-json\/wp\/v2\/pages"}],"about":[{"href":"https:\/\/lepetitcoursdurocher.com\/fr\/wp-json\/wp\/v2\/types\/page"}],"author":[{"embeddable":true,"href":"https:\/\/lepetitcoursdurocher.com\/fr\/wp-json\/wp\/v2\/users\/2"}],"replies":[{"embeddable":true,"href":"https:\/\/lepetitcoursdurocher.com\/fr\/wp-json\/wp\/v2\/comments?post=884"}],"version-history":[{"count":1,"href":"https:\/\/lepetitcoursdurocher.com\/fr\/wp-json\/wp\/v2\/pages\/884\/revisions"}],"predecessor-version":[{"id":1556,"href":"https:\/\/lepetitcoursdurocher.com\/fr\/wp-json\/wp\/v2\/pages\/884\/revisions\/1556"}],"wp:attachment":[{"href":"https:\/\/lepetitcoursdurocher.com\/fr\/wp-json\/wp\/v2\/media?parent=884"}],"curies":[{"name":"wp","href":"https:\/\/api.w.org\/{rel}","templated":true}]}}