{"id":1629,"date":"2024-05-20T09:11:30","date_gmt":"2024-05-20T08:11:30","guid":{"rendered":"https:\/\/lepetitcoursdurocher.com\/?page_id=1629"},"modified":"2026-01-27T16:08:24","modified_gmt":"2026-01-27T15:08:24","slug":"summer-camp-bilingue-paris","status":"publish","type":"page","link":"https:\/\/lepetitcoursdurocher.com\/fr\/summer-camp-bilingue-paris\/","title":{"rendered":"Summer camp"},"content":{"rendered":"<div id=\"cs-content\" class=\"cs-content\"><\/div>\n","protected":false},"excerpt":{"rendered":"<p>Summer Camp \u00ab\u00a0Best summer camp ever!\u00a0\u00bb Casper, 5 ans. L&rsquo;&eacute;cole propose chaque ann&eacute;e, au mois de Juillet, un&nbsp;Summer Camp bilingue anglais-fran&ccedil;ais con&ccedil;u, organis&eacute; et anim&eacute; par notre &eacute;quipe p&eacute;dagogique. Nous accueillons les &eacute;l&egrave;ves de l&rsquo;&eacute;cole, ainsi que des enfants externes, d&eacute;sirant s&rsquo;initier ou progresser en anglais et\/ou en fran&ccedil;ais. Les participants sont &acirc;g&eacute;s de 3 &agrave; 6 ans.Les activit&eacute;s du &#8230; <a href=\"https:\/\/lepetitcoursdurocher.com\/fr\/summer-camp-bilingue-paris\/\" class=\"more-link\">Read More<\/a><\/p>\n","protected":false},"author":4,"featured_media":0,"parent":0,"menu_order":0,"comment_status":"closed","ping_status":"closed","template":"template-blank-4.php","meta":{"footnotes":""},"class_list":["post-1629","page","type-page","status-publish","hentry","no-post-thumbnail"],"yoast_head":"<!-- This site is optimized with the Yoast SEO plugin v27.3 - https:\/\/yoast.com\/product\/yoast-seo-wordpress\/ -->\n<title>Activit\u00e9s bilingues extra-scolaires - Le Petit Cours du Rocher<\/title>\n<meta name=\"description\" content=\"Inscrivez-vous aux activit\u00e9s extra-scolaires de l&#039;\u00e9cole bilingue Le Petit Cours du Rocher \u2713STEM uniques \u2713Wednesday&#039;s Club \u2713Engineering for kids \u2713Summer camp\" \/>\n<meta name=\"robots\" content=\"index, follow, max-snippet:-1, max-image-preview:large, max-video-preview:-1\" \/>\n<link rel=\"canonical\" href=\"https:\/\/lepetitcoursdurocher.com\/fr\/summer-camp-bilingue-paris\/\" \/>\n<meta property=\"og:locale\" content=\"fr_FR\" \/>\n<meta property=\"og:type\" content=\"article\" \/>\n<meta property=\"og:title\" content=\"Activit\u00e9s bilingues extra-scolaires - Le Petit Cours du Rocher\" \/>\n<meta property=\"og:description\" content=\"Inscrivez-vous aux activit\u00e9s extra-scolaires de l&#039;\u00e9cole bilingue Le Petit Cours du Rocher \u2713STEM uniques \u2713Wednesday&#039;s Club \u2713Engineering for kids \u2713Summer camp\" \/>\n<meta property=\"og:url\" content=\"https:\/\/lepetitcoursdurocher.com\/fr\/summer-camp-bilingue-paris\/\" \/>\n<meta property=\"og:site_name\" content=\"Le Petit Cours du Rocher\" \/>\n<meta property=\"article:modified_time\" content=\"2026-01-27T15:08:24+00:00\" \/>\n<meta property=\"og:image\" content=\"https:\/\/lepetitcoursdurocher.com\/wp-content\/uploads\/2023\/06\/maternelle-reading-quantum-compting-1-scaled.jpg\" \/>\n\t<meta property=\"og:image:width\" content=\"2560\" \/>\n\t<meta property=\"og:image:height\" content=\"1920\" \/>\n\t<meta property=\"og:image:type\" content=\"image\/jpeg\" \/>\n<meta name=\"twitter:card\" content=\"summary_large_image\" \/>\n<meta name=\"twitter:label1\" content=\"Dur\u00e9e de lecture estim\u00e9e\" \/>\n\t<meta name=\"twitter:data1\" content=\"7 minutes\" \/>\n<script type=\"application\/ld+json\" class=\"yoast-schema-graph\">{\"@context\":\"https:\\\/\\\/schema.org\",\"@graph\":[{\"@type\":\"WebPage\",\"@id\":\"https:\\\/\\\/lepetitcoursdurocher.com\\\/fr\\\/summer-camp-bilingue-paris\\\/\",\"url\":\"https:\\\/\\\/lepetitcoursdurocher.com\\\/fr\\\/summer-camp-bilingue-paris\\\/\",\"name\":\"Activit\u00e9s bilingues extra-scolaires - Le Petit Cours du Rocher\",\"isPartOf\":{\"@id\":\"https:\\\/\\\/lepetitcoursdurocher.com\\\/#website\"},\"datePublished\":\"2024-05-20T08:11:30+00:00\",\"dateModified\":\"2026-01-27T15:08:24+00:00\",\"description\":\"Inscrivez-vous aux activit\u00e9s extra-scolaires de l'\u00e9cole bilingue Le Petit Cours du Rocher \u2713STEM uniques \u2713Wednesday's Club \u2713Engineering for kids \u2713Summer camp\",\"breadcrumb\":{\"@id\":\"https:\\\/\\\/lepetitcoursdurocher.com\\\/fr\\\/summer-camp-bilingue-paris\\\/#breadcrumb\"},\"inLanguage\":\"fr-FR\",\"potentialAction\":[{\"@type\":\"ReadAction\",\"target\":[\"https:\\\/\\\/lepetitcoursdurocher.com\\\/fr\\\/summer-camp-bilingue-paris\\\/\"]}]},{\"@type\":\"BreadcrumbList\",\"@id\":\"https:\\\/\\\/lepetitcoursdurocher.com\\\/fr\\\/summer-camp-bilingue-paris\\\/#breadcrumb\",\"itemListElement\":[{\"@type\":\"ListItem\",\"position\":1,\"name\":\"Home\",\"item\":\"https:\\\/\\\/lepetitcoursdurocher.com\\\/fr\\\/\"},{\"@type\":\"ListItem\",\"position\":2,\"name\":\"Summer camp\"}]},{\"@type\":\"WebSite\",\"@id\":\"https:\\\/\\\/lepetitcoursdurocher.com\\\/#website\",\"url\":\"https:\\\/\\\/lepetitcoursdurocher.com\\\/\",\"name\":\"Le Petit Cours du Rocher\",\"description\":\"cr\u00e8che bilingue \u00e9cole maternelle bilingue et \u00e9cole primaire bilingues \u00e0 Paris\",\"publisher\":{\"@id\":\"https:\\\/\\\/lepetitcoursdurocher.com\\\/#organization\"},\"potentialAction\":[{\"@type\":\"SearchAction\",\"target\":{\"@type\":\"EntryPoint\",\"urlTemplate\":\"https:\\\/\\\/lepetitcoursdurocher.com\\\/?s={search_term_string}\"},\"query-input\":{\"@type\":\"PropertyValueSpecification\",\"valueRequired\":true,\"valueName\":\"search_term_string\"}}],\"inLanguage\":\"fr-FR\"},{\"@type\":\"Organization\",\"@id\":\"https:\\\/\\\/lepetitcoursdurocher.com\\\/#organization\",\"name\":\"Le Petit Cours du Rocher\",\"alternateName\":\"Le Cours du Rocher\",\"url\":\"https:\\\/\\\/lepetitcoursdurocher.com\\\/\",\"logo\":{\"@type\":\"ImageObject\",\"inLanguage\":\"fr-FR\",\"@id\":\"https:\\\/\\\/lepetitcoursdurocher.com\\\/#\\\/schema\\\/logo\\\/image\\\/\",\"url\":\"https:\\\/\\\/lepetitcoursdurocher.com\\\/wp-content\\\/uploads\\\/2024\\\/02\\\/logo-le-petit-cours-du-rocher-footer.png\",\"contentUrl\":\"https:\\\/\\\/lepetitcoursdurocher.com\\\/wp-content\\\/uploads\\\/2024\\\/02\\\/logo-le-petit-cours-du-rocher-footer.png\",\"width\":448,\"height\":448,\"caption\":\"Le Petit Cours du Rocher\"},\"image\":{\"@id\":\"https:\\\/\\\/lepetitcoursdurocher.com\\\/#\\\/schema\\\/logo\\\/image\\\/\"}}]}<\/script>\n<!-- \/ Yoast SEO plugin. -->","yoast_head_json":{"title":"Activit\u00e9s bilingues extra-scolaires - Le Petit Cours du Rocher","description":"Inscrivez-vous aux activit\u00e9s extra-scolaires de l'\u00e9cole bilingue Le Petit Cours du Rocher \u2713STEM uniques \u2713Wednesday's Club \u2713Engineering for kids \u2713Summer camp","robots":{"index":"index","follow":"follow","max-snippet":"max-snippet:-1","max-image-preview":"max-image-preview:large","max-video-preview":"max-video-preview:-1"},"canonical":"https:\/\/lepetitcoursdurocher.com\/fr\/summer-camp-bilingue-paris\/","og_locale":"fr_FR","og_type":"article","og_title":"Activit\u00e9s bilingues extra-scolaires - Le Petit Cours du Rocher","og_description":"Inscrivez-vous aux activit\u00e9s extra-scolaires de l'\u00e9cole bilingue Le Petit Cours du Rocher \u2713STEM uniques \u2713Wednesday's Club \u2713Engineering for kids \u2713Summer camp","og_url":"https:\/\/lepetitcoursdurocher.com\/fr\/summer-camp-bilingue-paris\/","og_site_name":"Le Petit Cours du Rocher","article_modified_time":"2026-01-27T15:08:24+00:00","og_image":[{"width":2560,"height":1920,"url":"https:\/\/lepetitcoursdurocher.com\/wp-content\/uploads\/2023\/06\/maternelle-reading-quantum-compting-1-scaled.jpg","type":"image\/jpeg"}],"twitter_card":"summary_large_image","twitter_misc":{"Dur\u00e9e de lecture estim\u00e9e":"7 minutes"},"schema":{"@context":"https:\/\/schema.org","@graph":[{"@type":"WebPage","@id":"https:\/\/lepetitcoursdurocher.com\/fr\/summer-camp-bilingue-paris\/","url":"https:\/\/lepetitcoursdurocher.com\/fr\/summer-camp-bilingue-paris\/","name":"Activit\u00e9s bilingues extra-scolaires - Le Petit Cours du Rocher","isPartOf":{"@id":"https:\/\/lepetitcoursdurocher.com\/#website"},"datePublished":"2024-05-20T08:11:30+00:00","dateModified":"2026-01-27T15:08:24+00:00","description":"Inscrivez-vous aux activit\u00e9s extra-scolaires de l'\u00e9cole bilingue Le Petit Cours du Rocher \u2713STEM uniques \u2713Wednesday's Club \u2713Engineering for kids \u2713Summer camp","breadcrumb":{"@id":"https:\/\/lepetitcoursdurocher.com\/fr\/summer-camp-bilingue-paris\/#breadcrumb"},"inLanguage":"fr-FR","potentialAction":[{"@type":"ReadAction","target":["https:\/\/lepetitcoursdurocher.com\/fr\/summer-camp-bilingue-paris\/"]}]},{"@type":"BreadcrumbList","@id":"https:\/\/lepetitcoursdurocher.com\/fr\/summer-camp-bilingue-paris\/#breadcrumb","itemListElement":[{"@type":"ListItem","position":1,"name":"Home","item":"https:\/\/lepetitcoursdurocher.com\/fr\/"},{"@type":"ListItem","position":2,"name":"Summer camp"}]},{"@type":"WebSite","@id":"https:\/\/lepetitcoursdurocher.com\/#website","url":"https:\/\/lepetitcoursdurocher.com\/","name":"Le Petit Cours du Rocher","description":"cr\u00e8che bilingue \u00e9cole maternelle bilingue et \u00e9cole primaire bilingues \u00e0 Paris","publisher":{"@id":"https:\/\/lepetitcoursdurocher.com\/#organization"},"potentialAction":[{"@type":"SearchAction","target":{"@type":"EntryPoint","urlTemplate":"https:\/\/lepetitcoursdurocher.com\/?s={search_term_string}"},"query-input":{"@type":"PropertyValueSpecification","valueRequired":true,"valueName":"search_term_string"}}],"inLanguage":"fr-FR"},{"@type":"Organization","@id":"https:\/\/lepetitcoursdurocher.com\/#organization","name":"Le Petit Cours du Rocher","alternateName":"Le Cours du Rocher","url":"https:\/\/lepetitcoursdurocher.com\/","logo":{"@type":"ImageObject","inLanguage":"fr-FR","@id":"https:\/\/lepetitcoursdurocher.com\/#\/schema\/logo\/image\/","url":"https:\/\/lepetitcoursdurocher.com\/wp-content\/uploads\/2024\/02\/logo-le-petit-cours-du-rocher-footer.png","contentUrl":"https:\/\/lepetitcoursdurocher.com\/wp-content\/uploads\/2024\/02\/logo-le-petit-cours-du-rocher-footer.png","width":448,"height":448,"caption":"Le Petit Cours du Rocher"},"image":{"@id":"https:\/\/lepetitcoursdurocher.com\/#\/schema\/logo\/image\/"}}]}},"_links":{"self":[{"href":"https:\/\/lepetitcoursdurocher.com\/fr\/wp-json\/wp\/v2\/pages\/1629","targetHints":{"allow":["GET"]}}],"collection":[{"href":"https:\/\/lepetitcoursdurocher.com\/fr\/wp-json\/wp\/v2\/pages"}],"about":[{"href":"https:\/\/lepetitcoursdurocher.com\/fr\/wp-json\/wp\/v2\/types\/page"}],"author":[{"embeddable":true,"href":"https:\/\/lepetitcoursdurocher.com\/fr\/wp-json\/wp\/v2\/users\/4"}],"replies":[{"embeddable":true,"href":"https:\/\/lepetitcoursdurocher.com\/fr\/wp-json\/wp\/v2\/comments?post=1629"}],"version-history":[{"count":3,"href":"https:\/\/lepetitcoursdurocher.com\/fr\/wp-json\/wp\/v2\/pages\/1629\/revisions"}],"predecessor-version":[{"id":1711,"href":"https:\/\/lepetitcoursdurocher.com\/fr\/wp-json\/wp\/v2\/pages\/1629\/revisions\/1711"}],"wp:attachment":[{"href":"https:\/\/lepetitcoursdurocher.com\/fr\/wp-json\/wp\/v2\/media?parent=1629"}],"curies":[{"name":"wp","href":"https:\/\/api.w.org\/{rel}","templated":true}]}}