{"id":1616,"date":"2024-05-18T10:16:03","date_gmt":"2024-05-18T09:16:03","guid":{"rendered":"https:\/\/lepetitcoursdurocher.com\/?page_id=1616"},"modified":"2024-05-20T09:11:36","modified_gmt":"2024-05-20T08:11:36","slug":"apprendre-langlais-au-wednesday-club","status":"publish","type":"page","link":"https:\/\/lepetitcoursdurocher.com\/fr\/apprendre-langlais-au-wednesday-club\/","title":{"rendered":"Club du mercredi"},"content":{"rendered":"<div id=\"cs-content\" class=\"cs-content\"><\/div>\n","protected":false},"excerpt":{"rendered":"<p>Club du mercredi Suscitez la passion de votre enfant pour l&rsquo;anglais !Club du mercrediS&rsquo;inscrire maintenantGroupes limit\u00e9s \u00e0 20 enfants pour une attention personnalis\u00e9eUne \u00e9quipe p\u00e9dagogique de langue maternelle anglaise pour une immersion authentiqueChaque groupe est supervis\u00e9 par un enseignant et un assistant exp\u00e9riment\u00e9s.2,5 heures&nbsp; Sessions tous les mercredis : Apprentissage intensif dans une \u00ab\u00a0Great British Atmosphere\u00a0\u00bb.Une m\u00e9thode d&rsquo;excellence \u00e9prouv\u00e9e depuis &#8230; <a href=\"https:\/\/lepetitcoursdurocher.com\/fr\/apprendre-langlais-au-wednesday-club\/\" class=\"more-link\">Read More<\/a><\/p>\n","protected":false},"author":4,"featured_media":0,"parent":0,"menu_order":0,"comment_status":"closed","ping_status":"closed","template":"template-blank-4.php","meta":{"footnotes":""},"class_list":["post-1616","page","type-page","status-publish","hentry","no-post-thumbnail"],"yoast_head":"<!-- This site is optimized with the Yoast SEO plugin v27.4 - https:\/\/yoast.com\/product\/yoast-seo-wordpress\/ -->\n<title>L&#039;ing\u00e9nierie pour les enfants - L&#039;aventure de l&#039;ing\u00e9nierie pour les 4-10 ans<\/title>\n<meta name=\"description\" content=\"S&#039;inscrire aux activit\u00e9s extrascolaires de l&#039;\u00e9cole bilingue Le Petit Cours du Rocher \u2713Unique STEM \u2713Wednesday&#039;s Club \u2713Engineering for Kids \u2713Summer Camp\" \/>\n<meta name=\"robots\" content=\"index, follow, max-snippet:-1, max-image-preview:large, max-video-preview:-1\" \/>\n<link rel=\"canonical\" href=\"https:\/\/lepetitcoursdurocher.com\/fr\/apprendre-langlais-au-wednesday-club\/\" \/>\n<meta property=\"og:locale\" content=\"fr_FR\" \/>\n<meta property=\"og:type\" content=\"article\" \/>\n<meta property=\"og:title\" content=\"L&#039;ing\u00e9nierie pour les enfants - L&#039;aventure de l&#039;ing\u00e9nierie pour les 4-10 ans\" \/>\n<meta property=\"og:description\" content=\"S&#039;inscrire aux activit\u00e9s extrascolaires de l&#039;\u00e9cole bilingue Le Petit Cours du Rocher \u2713Unique STEM \u2713Wednesday&#039;s Club \u2713Engineering for Kids \u2713Summer Camp\" \/>\n<meta property=\"og:url\" content=\"https:\/\/lepetitcoursdurocher.com\/fr\/apprendre-langlais-au-wednesday-club\/\" \/>\n<meta property=\"og:site_name\" content=\"Le Petit Cours du Rocher\" \/>\n<meta property=\"article:modified_time\" content=\"2024-05-20T08:11:36+00:00\" \/>\n<meta property=\"og:image\" content=\"https:\/\/lepetitcoursdurocher.com\/wp-content\/uploads\/2023\/06\/maternelle-reading-quantum-compting-1-scaled.jpg\" \/>\n\t<meta property=\"og:image:width\" content=\"2560\" \/>\n\t<meta property=\"og:image:height\" content=\"1920\" \/>\n\t<meta property=\"og:image:type\" content=\"image\/jpeg\" \/>\n<meta name=\"twitter:card\" content=\"summary_large_image\" \/>\n<meta name=\"twitter:label1\" content=\"Dur\u00e9e de lecture estim\u00e9e\" \/>\n\t<meta name=\"twitter:data1\" content=\"3 minutes\" \/>\n<script type=\"application\/ld+json\" class=\"yoast-schema-graph\">{\"@context\":\"https:\\\/\\\/schema.org\",\"@graph\":[{\"@type\":\"WebPage\",\"@id\":\"https:\\\/\\\/lepetitcoursdurocher.com\\\/fr\\\/apprendre-langlais-au-wednesday-club\\\/\",\"url\":\"https:\\\/\\\/lepetitcoursdurocher.com\\\/fr\\\/apprendre-langlais-au-wednesday-club\\\/\",\"name\":\"L'ing\u00e9nierie pour les enfants - L'aventure de l'ing\u00e9nierie pour les 4-10 ans\",\"isPartOf\":{\"@id\":\"https:\\\/\\\/lepetitcoursdurocher.com\\\/#website\"},\"datePublished\":\"2024-05-18T09:16:03+00:00\",\"dateModified\":\"2024-05-20T08:11:36+00:00\",\"description\":\"S'inscrire aux activit\u00e9s extrascolaires de l'\u00e9cole bilingue Le Petit Cours du Rocher \u2713Unique STEM \u2713Wednesday's Club \u2713Engineering for Kids \u2713Summer Camp\",\"breadcrumb\":{\"@id\":\"https:\\\/\\\/lepetitcoursdurocher.com\\\/fr\\\/apprendre-langlais-au-wednesday-club\\\/#breadcrumb\"},\"inLanguage\":\"fr-FR\",\"potentialAction\":[{\"@type\":\"ReadAction\",\"target\":[\"https:\\\/\\\/lepetitcoursdurocher.com\\\/fr\\\/apprendre-langlais-au-wednesday-club\\\/\"]}]},{\"@type\":\"BreadcrumbList\",\"@id\":\"https:\\\/\\\/lepetitcoursdurocher.com\\\/fr\\\/apprendre-langlais-au-wednesday-club\\\/#breadcrumb\",\"itemListElement\":[{\"@type\":\"ListItem\",\"position\":1,\"name\":\"Home\",\"item\":\"https:\\\/\\\/lepetitcoursdurocher.com\\\/fr\\\/\"},{\"@type\":\"ListItem\",\"position\":2,\"name\":\"Club du mercredi\"}]},{\"@type\":\"WebSite\",\"@id\":\"https:\\\/\\\/lepetitcoursdurocher.com\\\/#website\",\"url\":\"https:\\\/\\\/lepetitcoursdurocher.com\\\/\",\"name\":\"Le Petit Cours du Rocher\",\"description\":\"cr\u00e8che bilingue \u00e9cole maternelle bilingue et \u00e9cole primaire bilingues \u00e0 Paris\",\"publisher\":{\"@id\":\"https:\\\/\\\/lepetitcoursdurocher.com\\\/#organization\"},\"potentialAction\":[{\"@type\":\"SearchAction\",\"target\":{\"@type\":\"EntryPoint\",\"urlTemplate\":\"https:\\\/\\\/lepetitcoursdurocher.com\\\/?s={search_term_string}\"},\"query-input\":{\"@type\":\"PropertyValueSpecification\",\"valueRequired\":true,\"valueName\":\"search_term_string\"}}],\"inLanguage\":\"fr-FR\"},{\"@type\":\"Organization\",\"@id\":\"https:\\\/\\\/lepetitcoursdurocher.com\\\/#organization\",\"name\":\"Le Petit Cours du Rocher\",\"alternateName\":\"Le Cours du Rocher\",\"url\":\"https:\\\/\\\/lepetitcoursdurocher.com\\\/\",\"logo\":{\"@type\":\"ImageObject\",\"inLanguage\":\"fr-FR\",\"@id\":\"https:\\\/\\\/lepetitcoursdurocher.com\\\/#\\\/schema\\\/logo\\\/image\\\/\",\"url\":\"https:\\\/\\\/lepetitcoursdurocher.com\\\/wp-content\\\/uploads\\\/2024\\\/02\\\/logo-le-petit-cours-du-rocher-footer.png\",\"contentUrl\":\"https:\\\/\\\/lepetitcoursdurocher.com\\\/wp-content\\\/uploads\\\/2024\\\/02\\\/logo-le-petit-cours-du-rocher-footer.png\",\"width\":448,\"height\":448,\"caption\":\"Le Petit Cours du Rocher\"},\"image\":{\"@id\":\"https:\\\/\\\/lepetitcoursdurocher.com\\\/#\\\/schema\\\/logo\\\/image\\\/\"}}]}<\/script>\n<!-- \/ Yoast SEO plugin. -->","yoast_head_json":{"title":"L'ing\u00e9nierie pour les enfants - L'aventure de l'ing\u00e9nierie pour les 4-10 ans","description":"S'inscrire aux activit\u00e9s extrascolaires de l'\u00e9cole bilingue Le Petit Cours du Rocher \u2713Unique STEM \u2713Wednesday's Club \u2713Engineering for Kids \u2713Summer Camp","robots":{"index":"index","follow":"follow","max-snippet":"max-snippet:-1","max-image-preview":"max-image-preview:large","max-video-preview":"max-video-preview:-1"},"canonical":"https:\/\/lepetitcoursdurocher.com\/fr\/apprendre-langlais-au-wednesday-club\/","og_locale":"fr_FR","og_type":"article","og_title":"L'ing\u00e9nierie pour les enfants - L'aventure de l'ing\u00e9nierie pour les 4-10 ans","og_description":"S'inscrire aux activit\u00e9s extrascolaires de l'\u00e9cole bilingue Le Petit Cours du Rocher \u2713Unique STEM \u2713Wednesday's Club \u2713Engineering for Kids \u2713Summer Camp","og_url":"https:\/\/lepetitcoursdurocher.com\/fr\/apprendre-langlais-au-wednesday-club\/","og_site_name":"Le Petit Cours du Rocher","article_modified_time":"2024-05-20T08:11:36+00:00","og_image":[{"width":2560,"height":1920,"url":"https:\/\/lepetitcoursdurocher.com\/wp-content\/uploads\/2023\/06\/maternelle-reading-quantum-compting-1-scaled.jpg","type":"image\/jpeg"}],"twitter_card":"summary_large_image","twitter_misc":{"Dur\u00e9e de lecture estim\u00e9e":"3 minutes"},"schema":{"@context":"https:\/\/schema.org","@graph":[{"@type":"WebPage","@id":"https:\/\/lepetitcoursdurocher.com\/fr\/apprendre-langlais-au-wednesday-club\/","url":"https:\/\/lepetitcoursdurocher.com\/fr\/apprendre-langlais-au-wednesday-club\/","name":"L'ing\u00e9nierie pour les enfants - L'aventure de l'ing\u00e9nierie pour les 4-10 ans","isPartOf":{"@id":"https:\/\/lepetitcoursdurocher.com\/#website"},"datePublished":"2024-05-18T09:16:03+00:00","dateModified":"2024-05-20T08:11:36+00:00","description":"S'inscrire aux activit\u00e9s extrascolaires de l'\u00e9cole bilingue Le Petit Cours du Rocher \u2713Unique STEM \u2713Wednesday's Club \u2713Engineering for Kids \u2713Summer Camp","breadcrumb":{"@id":"https:\/\/lepetitcoursdurocher.com\/fr\/apprendre-langlais-au-wednesday-club\/#breadcrumb"},"inLanguage":"fr-FR","potentialAction":[{"@type":"ReadAction","target":["https:\/\/lepetitcoursdurocher.com\/fr\/apprendre-langlais-au-wednesday-club\/"]}]},{"@type":"BreadcrumbList","@id":"https:\/\/lepetitcoursdurocher.com\/fr\/apprendre-langlais-au-wednesday-club\/#breadcrumb","itemListElement":[{"@type":"ListItem","position":1,"name":"Home","item":"https:\/\/lepetitcoursdurocher.com\/fr\/"},{"@type":"ListItem","position":2,"name":"Club du mercredi"}]},{"@type":"WebSite","@id":"https:\/\/lepetitcoursdurocher.com\/#website","url":"https:\/\/lepetitcoursdurocher.com\/","name":"Le Petit Cours du Rocher","description":"cr\u00e8che bilingue \u00e9cole maternelle bilingue et \u00e9cole primaire bilingues \u00e0 Paris","publisher":{"@id":"https:\/\/lepetitcoursdurocher.com\/#organization"},"potentialAction":[{"@type":"SearchAction","target":{"@type":"EntryPoint","urlTemplate":"https:\/\/lepetitcoursdurocher.com\/?s={search_term_string}"},"query-input":{"@type":"PropertyValueSpecification","valueRequired":true,"valueName":"search_term_string"}}],"inLanguage":"fr-FR"},{"@type":"Organization","@id":"https:\/\/lepetitcoursdurocher.com\/#organization","name":"Le Petit Cours du Rocher","alternateName":"Le Cours du Rocher","url":"https:\/\/lepetitcoursdurocher.com\/","logo":{"@type":"ImageObject","inLanguage":"fr-FR","@id":"https:\/\/lepetitcoursdurocher.com\/#\/schema\/logo\/image\/","url":"https:\/\/lepetitcoursdurocher.com\/wp-content\/uploads\/2024\/02\/logo-le-petit-cours-du-rocher-footer.png","contentUrl":"https:\/\/lepetitcoursdurocher.com\/wp-content\/uploads\/2024\/02\/logo-le-petit-cours-du-rocher-footer.png","width":448,"height":448,"caption":"Le Petit Cours du Rocher"},"image":{"@id":"https:\/\/lepetitcoursdurocher.com\/#\/schema\/logo\/image\/"}}]}},"_links":{"self":[{"href":"https:\/\/lepetitcoursdurocher.com\/fr\/wp-json\/wp\/v2\/pages\/1616","targetHints":{"allow":["GET"]}}],"collection":[{"href":"https:\/\/lepetitcoursdurocher.com\/fr\/wp-json\/wp\/v2\/pages"}],"about":[{"href":"https:\/\/lepetitcoursdurocher.com\/fr\/wp-json\/wp\/v2\/types\/page"}],"author":[{"embeddable":true,"href":"https:\/\/lepetitcoursdurocher.com\/fr\/wp-json\/wp\/v2\/users\/4"}],"replies":[{"embeddable":true,"href":"https:\/\/lepetitcoursdurocher.com\/fr\/wp-json\/wp\/v2\/comments?post=1616"}],"version-history":[{"count":4,"href":"https:\/\/lepetitcoursdurocher.com\/fr\/wp-json\/wp\/v2\/pages\/1616\/revisions"}],"predecessor-version":[{"id":1639,"href":"https:\/\/lepetitcoursdurocher.com\/fr\/wp-json\/wp\/v2\/pages\/1616\/revisions\/1639"}],"wp:attachment":[{"href":"https:\/\/lepetitcoursdurocher.com\/fr\/wp-json\/wp\/v2\/media?parent=1616"}],"curies":[{"name":"wp","href":"https:\/\/api.w.org\/{rel}","templated":true}]}}