{"id":1245,"date":"2024-01-23T09:58:07","date_gmt":"2024-01-23T09:58:07","guid":{"rendered":"https:\/\/juicyagency.com\/preprod\/?page_id=1245"},"modified":"2025-10-03T10:09:57","modified_gmt":"2025-10-03T09:09:57","slug":"ecole-primaire-bilingue-paris","status":"publish","type":"page","link":"https:\/\/lepetitcoursdurocher.com\/fr\/ecole-bilingue-paris\/ecole-primaire-bilingue-paris\/","title":{"rendered":"Ecole Primaire Bilingue"},"content":{"rendered":"<div id=\"cs-content\" class=\"cs-content\"><\/div>\n","protected":false},"excerpt":{"rendered":"<p>Cr\u00e8cheMaternellePrimaire&Eacute;cole Primaire Bilingue Bienvenue au&nbsp;Petit Cours du Rocher situ&eacute; au 230 rue du Faubourg Saint Honor&eacute;, 75008 Paris. Nous accueillons des &eacute;l&egrave;ves du Cours Pr&eacute;paratoire (CP), jusqu&rsquo;au Cours Moyen 2(CM2). Une classe de 20 &eacute;l&egrave;ves par niveau.Domaines Apprentissages Le Petit Cours du Rocher est un &eacute;tablissement d&rsquo;enseignement scolaire priv&eacute; hors contrat, dispensant un enseignement maternelle et primaire bilingue Fran&ccedil;ais-Anglais, appliquant &#8230; <a href=\"https:\/\/lepetitcoursdurocher.com\/fr\/ecole-bilingue-paris\/ecole-primaire-bilingue-paris\/\" class=\"more-link\">Read More<\/a><\/p>\n","protected":false},"author":2,"featured_media":1179,"parent":1000,"menu_order":0,"comment_status":"closed","ping_status":"closed","template":"template-blank-4.php","meta":{"footnotes":""},"class_list":["post-1245","page","type-page","status-publish","has-post-thumbnail","hentry"],"yoast_head":"<!-- This site is optimized with the Yoast SEO plugin v27.4 - https:\/\/yoast.com\/product\/yoast-seo-wordpress\/ -->\n<title>L&#039;\u00c9cole Primaire Bilingue de R\u00e9f\u00e9rence \u00e0 Paris depuis 1953 - Le Petit Cours du Rocher<\/title>\n<meta name=\"description\" content=\"D\u00e9couvrez Le Petit Cours du Rocher, l&#039;\u00c9cole Primaire Bilingue \u00e0 Paris combinant le cursus de l\u2019Education Nationale et du British Curriculum\" \/>\n<meta name=\"robots\" content=\"index, follow, max-snippet:-1, max-image-preview:large, max-video-preview:-1\" \/>\n<link rel=\"canonical\" href=\"https:\/\/lepetitcoursdurocher.com\/fr\/ecole-bilingue-paris\/ecole-primaire-bilingue-paris\/\" \/>\n<meta property=\"og:locale\" content=\"fr_FR\" \/>\n<meta property=\"og:type\" content=\"article\" \/>\n<meta property=\"og:title\" content=\"L&#039;\u00c9cole Primaire Bilingue de R\u00e9f\u00e9rence \u00e0 Paris depuis 1953 - Le Petit Cours du Rocher\" \/>\n<meta property=\"og:description\" content=\"D\u00e9couvrez Le Petit Cours du Rocher, l&#039;\u00c9cole Primaire Bilingue \u00e0 Paris combinant le cursus de l\u2019Education Nationale et du British Curriculum\" \/>\n<meta property=\"og:url\" content=\"https:\/\/lepetitcoursdurocher.com\/fr\/ecole-bilingue-paris\/ecole-primaire-bilingue-paris\/\" \/>\n<meta property=\"og:site_name\" content=\"Le Petit Cours du Rocher\" \/>\n<meta property=\"article:modified_time\" content=\"2025-10-03T09:09:57+00:00\" \/>\n<meta property=\"og:image\" content=\"https:\/\/lepetitcoursdurocher.com\/wp-content\/uploads\/2024\/01\/CP-English-scaled.jpg\" \/>\n\t<meta property=\"og:image:width\" content=\"2560\" \/>\n\t<meta property=\"og:image:height\" content=\"1440\" \/>\n\t<meta property=\"og:image:type\" content=\"image\/jpeg\" \/>\n<meta name=\"twitter:card\" content=\"summary_large_image\" \/>\n<meta name=\"twitter:label1\" content=\"Dur\u00e9e de lecture estim\u00e9e\" \/>\n\t<meta name=\"twitter:data1\" content=\"6 minutes\" \/>\n<script type=\"application\/ld+json\" class=\"yoast-schema-graph\">{\"@context\":\"https:\\\/\\\/schema.org\",\"@graph\":[{\"@type\":\"WebPage\",\"@id\":\"https:\\\/\\\/lepetitcoursdurocher.com\\\/fr\\\/ecole-bilingue-paris\\\/ecole-primaire-bilingue-paris\\\/\",\"url\":\"https:\\\/\\\/lepetitcoursdurocher.com\\\/fr\\\/ecole-bilingue-paris\\\/ecole-primaire-bilingue-paris\\\/\",\"name\":\"L'\u00c9cole Primaire Bilingue de R\u00e9f\u00e9rence \u00e0 Paris depuis 1953 - Le Petit Cours du Rocher\",\"isPartOf\":{\"@id\":\"https:\\\/\\\/lepetitcoursdurocher.com\\\/#website\"},\"primaryImageOfPage\":{\"@id\":\"https:\\\/\\\/lepetitcoursdurocher.com\\\/fr\\\/ecole-bilingue-paris\\\/ecole-primaire-bilingue-paris\\\/#primaryimage\"},\"image\":{\"@id\":\"https:\\\/\\\/lepetitcoursdurocher.com\\\/fr\\\/ecole-bilingue-paris\\\/ecole-primaire-bilingue-paris\\\/#primaryimage\"},\"thumbnailUrl\":\"https:\\\/\\\/lepetitcoursdurocher.com\\\/wp-content\\\/uploads\\\/2024\\\/01\\\/CP-English-scaled.jpg\",\"datePublished\":\"2024-01-23T09:58:07+00:00\",\"dateModified\":\"2025-10-03T09:09:57+00:00\",\"description\":\"D\u00e9couvrez Le Petit Cours du Rocher, l'\u00c9cole Primaire Bilingue \u00e0 Paris combinant le cursus de l\u2019Education Nationale et du British Curriculum\",\"breadcrumb\":{\"@id\":\"https:\\\/\\\/lepetitcoursdurocher.com\\\/fr\\\/ecole-bilingue-paris\\\/ecole-primaire-bilingue-paris\\\/#breadcrumb\"},\"inLanguage\":\"fr-FR\",\"potentialAction\":[{\"@type\":\"ReadAction\",\"target\":[\"https:\\\/\\\/lepetitcoursdurocher.com\\\/fr\\\/ecole-bilingue-paris\\\/ecole-primaire-bilingue-paris\\\/\"]}]},{\"@type\":\"ImageObject\",\"inLanguage\":\"fr-FR\",\"@id\":\"https:\\\/\\\/lepetitcoursdurocher.com\\\/fr\\\/ecole-bilingue-paris\\\/ecole-primaire-bilingue-paris\\\/#primaryimage\",\"url\":\"https:\\\/\\\/lepetitcoursdurocher.com\\\/wp-content\\\/uploads\\\/2024\\\/01\\\/CP-English-scaled.jpg\",\"contentUrl\":\"https:\\\/\\\/lepetitcoursdurocher.com\\\/wp-content\\\/uploads\\\/2024\\\/01\\\/CP-English-scaled.jpg\",\"width\":2560,\"height\":1440},{\"@type\":\"BreadcrumbList\",\"@id\":\"https:\\\/\\\/lepetitcoursdurocher.com\\\/fr\\\/ecole-bilingue-paris\\\/ecole-primaire-bilingue-paris\\\/#breadcrumb\",\"itemListElement\":[{\"@type\":\"ListItem\",\"position\":1,\"name\":\"Home\",\"item\":\"https:\\\/\\\/lepetitcoursdurocher.com\\\/fr\\\/\"},{\"@type\":\"ListItem\",\"position\":2,\"name\":\"\u00c9coles\",\"item\":\"https:\\\/\\\/lepetitcoursdurocher.com\\\/fr\\\/ecole-bilingue-paris\\\/\"},{\"@type\":\"ListItem\",\"position\":3,\"name\":\"Ecole Primaire Bilingue\"}]},{\"@type\":\"WebSite\",\"@id\":\"https:\\\/\\\/lepetitcoursdurocher.com\\\/#website\",\"url\":\"https:\\\/\\\/lepetitcoursdurocher.com\\\/\",\"name\":\"Le Petit Cours du Rocher\",\"description\":\"cr\u00e8che bilingue \u00e9cole maternelle bilingue et \u00e9cole primaire bilingues \u00e0 Paris\",\"publisher\":{\"@id\":\"https:\\\/\\\/lepetitcoursdurocher.com\\\/#organization\"},\"potentialAction\":[{\"@type\":\"SearchAction\",\"target\":{\"@type\":\"EntryPoint\",\"urlTemplate\":\"https:\\\/\\\/lepetitcoursdurocher.com\\\/?s={search_term_string}\"},\"query-input\":{\"@type\":\"PropertyValueSpecification\",\"valueRequired\":true,\"valueName\":\"search_term_string\"}}],\"inLanguage\":\"fr-FR\"},{\"@type\":\"Organization\",\"@id\":\"https:\\\/\\\/lepetitcoursdurocher.com\\\/#organization\",\"name\":\"Le Petit Cours du Rocher\",\"alternateName\":\"Le Cours du Rocher\",\"url\":\"https:\\\/\\\/lepetitcoursdurocher.com\\\/\",\"logo\":{\"@type\":\"ImageObject\",\"inLanguage\":\"fr-FR\",\"@id\":\"https:\\\/\\\/lepetitcoursdurocher.com\\\/#\\\/schema\\\/logo\\\/image\\\/\",\"url\":\"https:\\\/\\\/lepetitcoursdurocher.com\\\/wp-content\\\/uploads\\\/2024\\\/02\\\/logo-le-petit-cours-du-rocher-footer.png\",\"contentUrl\":\"https:\\\/\\\/lepetitcoursdurocher.com\\\/wp-content\\\/uploads\\\/2024\\\/02\\\/logo-le-petit-cours-du-rocher-footer.png\",\"width\":448,\"height\":448,\"caption\":\"Le Petit Cours du Rocher\"},\"image\":{\"@id\":\"https:\\\/\\\/lepetitcoursdurocher.com\\\/#\\\/schema\\\/logo\\\/image\\\/\"}}]}<\/script>\n<!-- \/ Yoast SEO plugin. -->","yoast_head_json":{"title":"L'\u00c9cole Primaire Bilingue de R\u00e9f\u00e9rence \u00e0 Paris depuis 1953 - Le Petit Cours du Rocher","description":"D\u00e9couvrez Le Petit Cours du Rocher, l'\u00c9cole Primaire Bilingue \u00e0 Paris combinant le cursus de l\u2019Education Nationale et du British Curriculum","robots":{"index":"index","follow":"follow","max-snippet":"max-snippet:-1","max-image-preview":"max-image-preview:large","max-video-preview":"max-video-preview:-1"},"canonical":"https:\/\/lepetitcoursdurocher.com\/fr\/ecole-bilingue-paris\/ecole-primaire-bilingue-paris\/","og_locale":"fr_FR","og_type":"article","og_title":"L'\u00c9cole Primaire Bilingue de R\u00e9f\u00e9rence \u00e0 Paris depuis 1953 - Le Petit Cours du Rocher","og_description":"D\u00e9couvrez Le Petit Cours du Rocher, l'\u00c9cole Primaire Bilingue \u00e0 Paris combinant le cursus de l\u2019Education Nationale et du British Curriculum","og_url":"https:\/\/lepetitcoursdurocher.com\/fr\/ecole-bilingue-paris\/ecole-primaire-bilingue-paris\/","og_site_name":"Le Petit Cours du Rocher","article_modified_time":"2025-10-03T09:09:57+00:00","og_image":[{"width":2560,"height":1440,"url":"https:\/\/lepetitcoursdurocher.com\/wp-content\/uploads\/2024\/01\/CP-English-scaled.jpg","type":"image\/jpeg"}],"twitter_card":"summary_large_image","twitter_misc":{"Dur\u00e9e de lecture estim\u00e9e":"6 minutes"},"schema":{"@context":"https:\/\/schema.org","@graph":[{"@type":"WebPage","@id":"https:\/\/lepetitcoursdurocher.com\/fr\/ecole-bilingue-paris\/ecole-primaire-bilingue-paris\/","url":"https:\/\/lepetitcoursdurocher.com\/fr\/ecole-bilingue-paris\/ecole-primaire-bilingue-paris\/","name":"L'\u00c9cole Primaire Bilingue de R\u00e9f\u00e9rence \u00e0 Paris depuis 1953 - Le Petit Cours du Rocher","isPartOf":{"@id":"https:\/\/lepetitcoursdurocher.com\/#website"},"primaryImageOfPage":{"@id":"https:\/\/lepetitcoursdurocher.com\/fr\/ecole-bilingue-paris\/ecole-primaire-bilingue-paris\/#primaryimage"},"image":{"@id":"https:\/\/lepetitcoursdurocher.com\/fr\/ecole-bilingue-paris\/ecole-primaire-bilingue-paris\/#primaryimage"},"thumbnailUrl":"https:\/\/lepetitcoursdurocher.com\/wp-content\/uploads\/2024\/01\/CP-English-scaled.jpg","datePublished":"2024-01-23T09:58:07+00:00","dateModified":"2025-10-03T09:09:57+00:00","description":"D\u00e9couvrez Le Petit Cours du Rocher, l'\u00c9cole Primaire Bilingue \u00e0 Paris combinant le cursus de l\u2019Education Nationale et du British Curriculum","breadcrumb":{"@id":"https:\/\/lepetitcoursdurocher.com\/fr\/ecole-bilingue-paris\/ecole-primaire-bilingue-paris\/#breadcrumb"},"inLanguage":"fr-FR","potentialAction":[{"@type":"ReadAction","target":["https:\/\/lepetitcoursdurocher.com\/fr\/ecole-bilingue-paris\/ecole-primaire-bilingue-paris\/"]}]},{"@type":"ImageObject","inLanguage":"fr-FR","@id":"https:\/\/lepetitcoursdurocher.com\/fr\/ecole-bilingue-paris\/ecole-primaire-bilingue-paris\/#primaryimage","url":"https:\/\/lepetitcoursdurocher.com\/wp-content\/uploads\/2024\/01\/CP-English-scaled.jpg","contentUrl":"https:\/\/lepetitcoursdurocher.com\/wp-content\/uploads\/2024\/01\/CP-English-scaled.jpg","width":2560,"height":1440},{"@type":"BreadcrumbList","@id":"https:\/\/lepetitcoursdurocher.com\/fr\/ecole-bilingue-paris\/ecole-primaire-bilingue-paris\/#breadcrumb","itemListElement":[{"@type":"ListItem","position":1,"name":"Home","item":"https:\/\/lepetitcoursdurocher.com\/fr\/"},{"@type":"ListItem","position":2,"name":"\u00c9coles","item":"https:\/\/lepetitcoursdurocher.com\/fr\/ecole-bilingue-paris\/"},{"@type":"ListItem","position":3,"name":"Ecole Primaire Bilingue"}]},{"@type":"WebSite","@id":"https:\/\/lepetitcoursdurocher.com\/#website","url":"https:\/\/lepetitcoursdurocher.com\/","name":"Le Petit Cours du Rocher","description":"cr\u00e8che bilingue \u00e9cole maternelle bilingue et \u00e9cole primaire bilingues \u00e0 Paris","publisher":{"@id":"https:\/\/lepetitcoursdurocher.com\/#organization"},"potentialAction":[{"@type":"SearchAction","target":{"@type":"EntryPoint","urlTemplate":"https:\/\/lepetitcoursdurocher.com\/?s={search_term_string}"},"query-input":{"@type":"PropertyValueSpecification","valueRequired":true,"valueName":"search_term_string"}}],"inLanguage":"fr-FR"},{"@type":"Organization","@id":"https:\/\/lepetitcoursdurocher.com\/#organization","name":"Le Petit Cours du Rocher","alternateName":"Le Cours du Rocher","url":"https:\/\/lepetitcoursdurocher.com\/","logo":{"@type":"ImageObject","inLanguage":"fr-FR","@id":"https:\/\/lepetitcoursdurocher.com\/#\/schema\/logo\/image\/","url":"https:\/\/lepetitcoursdurocher.com\/wp-content\/uploads\/2024\/02\/logo-le-petit-cours-du-rocher-footer.png","contentUrl":"https:\/\/lepetitcoursdurocher.com\/wp-content\/uploads\/2024\/02\/logo-le-petit-cours-du-rocher-footer.png","width":448,"height":448,"caption":"Le Petit Cours du Rocher"},"image":{"@id":"https:\/\/lepetitcoursdurocher.com\/#\/schema\/logo\/image\/"}}]}},"_links":{"self":[{"href":"https:\/\/lepetitcoursdurocher.com\/fr\/wp-json\/wp\/v2\/pages\/1245","targetHints":{"allow":["GET"]}}],"collection":[{"href":"https:\/\/lepetitcoursdurocher.com\/fr\/wp-json\/wp\/v2\/pages"}],"about":[{"href":"https:\/\/lepetitcoursdurocher.com\/fr\/wp-json\/wp\/v2\/types\/page"}],"author":[{"embeddable":true,"href":"https:\/\/lepetitcoursdurocher.com\/fr\/wp-json\/wp\/v2\/users\/2"}],"replies":[{"embeddable":true,"href":"https:\/\/lepetitcoursdurocher.com\/fr\/wp-json\/wp\/v2\/comments?post=1245"}],"version-history":[{"count":2,"href":"https:\/\/lepetitcoursdurocher.com\/fr\/wp-json\/wp\/v2\/pages\/1245\/revisions"}],"predecessor-version":[{"id":1535,"href":"https:\/\/lepetitcoursdurocher.com\/fr\/wp-json\/wp\/v2\/pages\/1245\/revisions\/1535"}],"up":[{"embeddable":true,"href":"https:\/\/lepetitcoursdurocher.com\/fr\/wp-json\/wp\/v2\/pages\/1000"}],"wp:featuredmedia":[{"embeddable":true,"href":"https:\/\/lepetitcoursdurocher.com\/fr\/wp-json\/wp\/v2\/media\/1179"}],"wp:attachment":[{"href":"https:\/\/lepetitcoursdurocher.com\/fr\/wp-json\/wp\/v2\/media?parent=1245"}],"curies":[{"name":"wp","href":"https:\/\/api.w.org\/{rel}","templated":true}]}}