{"id":1241,"date":"2024-01-22T17:30:27","date_gmt":"2024-01-22T17:30:27","guid":{"rendered":"https:\/\/juicyagency.com\/preprod\/?page_id=1241"},"modified":"2025-10-03T10:09:17","modified_gmt":"2025-10-03T09:09:17","slug":"ecole-maternelle","status":"publish","type":"page","link":"https:\/\/lepetitcoursdurocher.com\/fr\/ecole-bilingue-paris\/ecole-maternelle\/","title":{"rendered":"Ecole Maternelle Bilingue"},"content":{"rendered":"<div id=\"cs-content\" class=\"cs-content\"><\/div>\n","protected":false},"excerpt":{"rendered":"<p>Cr\u00e8cheMaternellePrimaireMaternelle Bilingue Le programme et les activit\u00e9s sont les m\u00eames dans nos deux \u00e9tablissements. Les Domaines d&rsquo;Apprentissage: Notre\u00a0\u00e9cole maternelle bilingue\u00a0respecte le cursus combinant les objectifs de l\u2019Education Nationale et du British Curriculum, articul\u00e9 autour de 5 domaines d\u2019apprentissage :Mobiliser le langage dans toutes ses dimensions.Agir, s\u2019exprimer, comprendre \u00e0 travers l\u2019activit\u00e9 physique.Agir, s\u2019exprimer, comprendre \u00e0 travers les activit\u00e9s artistiques.Construire les premiers &#8230; <a href=\"https:\/\/lepetitcoursdurocher.com\/fr\/ecole-bilingue-paris\/ecole-maternelle\/\" class=\"more-link\">Read More<\/a><\/p>\n","protected":false},"author":2,"featured_media":868,"parent":1000,"menu_order":0,"comment_status":"closed","ping_status":"closed","template":"template-blank-4.php","meta":{"footnotes":""},"class_list":["post-1241","page","type-page","status-publish","has-post-thumbnail","hentry"],"yoast_head":"<!-- This site is optimized with the Yoast SEO plugin v27.4 - https:\/\/yoast.com\/product\/yoast-seo-wordpress\/ -->\n<title>L&#039;\u00c9cole Maternelle Bilingue de R\u00e9f\u00e9rence \u00e0 Paris depuis 1953 - Le Petit Cours du Rocher<\/title>\n<meta name=\"description\" content=\"D\u00e9couvrez Le Petit Cours du Rocher, l&#039;\u00c9cole Maternelle Bilingue \u00e0 Paris \u2714\ufe0fPetite Section (3-4 ANS) \u2714\ufe0f Moyenne Section (4-5 ANS) \u2714\ufe0fGrande Section (5-6 ANS)\" \/>\n<meta name=\"robots\" content=\"index, follow, max-snippet:-1, max-image-preview:large, max-video-preview:-1\" \/>\n<link rel=\"canonical\" href=\"https:\/\/lepetitcoursdurocher.com\/fr\/ecole-bilingue-paris\/ecole-maternelle\/\" \/>\n<meta property=\"og:locale\" content=\"fr_FR\" \/>\n<meta property=\"og:type\" content=\"article\" \/>\n<meta property=\"og:title\" content=\"L&#039;\u00c9cole Maternelle Bilingue de R\u00e9f\u00e9rence \u00e0 Paris depuis 1953 - Le Petit Cours du Rocher\" \/>\n<meta property=\"og:description\" content=\"D\u00e9couvrez Le Petit Cours du Rocher, l&#039;\u00c9cole Maternelle Bilingue \u00e0 Paris \u2714\ufe0fPetite Section (3-4 ANS) \u2714\ufe0f Moyenne Section (4-5 ANS) \u2714\ufe0fGrande Section (5-6 ANS)\" \/>\n<meta property=\"og:url\" content=\"https:\/\/lepetitcoursdurocher.com\/fr\/ecole-bilingue-paris\/ecole-maternelle\/\" \/>\n<meta property=\"og:site_name\" content=\"Le Petit Cours du Rocher\" \/>\n<meta property=\"article:modified_time\" content=\"2025-10-03T09:09:17+00:00\" \/>\n<meta property=\"og:image\" content=\"https:\/\/lepetitcoursdurocher.com\/wp-content\/uploads\/2023\/06\/maternelle-reading-quantum-compting-scaled.jpg\" \/>\n\t<meta property=\"og:image:width\" content=\"2560\" \/>\n\t<meta property=\"og:image:height\" content=\"1920\" \/>\n\t<meta property=\"og:image:type\" content=\"image\/jpeg\" \/>\n<meta name=\"twitter:card\" content=\"summary_large_image\" \/>\n<meta name=\"twitter:label1\" content=\"Dur\u00e9e de lecture estim\u00e9e\" \/>\n\t<meta name=\"twitter:data1\" content=\"3 minutes\" \/>\n<script type=\"application\/ld+json\" class=\"yoast-schema-graph\">{\"@context\":\"https:\\\/\\\/schema.org\",\"@graph\":[{\"@type\":\"WebPage\",\"@id\":\"https:\\\/\\\/lepetitcoursdurocher.com\\\/fr\\\/ecole-bilingue-paris\\\/ecole-maternelle\\\/\",\"url\":\"https:\\\/\\\/lepetitcoursdurocher.com\\\/fr\\\/ecole-bilingue-paris\\\/ecole-maternelle\\\/\",\"name\":\"L'\u00c9cole Maternelle Bilingue de R\u00e9f\u00e9rence \u00e0 Paris depuis 1953 - Le Petit Cours du Rocher\",\"isPartOf\":{\"@id\":\"https:\\\/\\\/lepetitcoursdurocher.com\\\/#website\"},\"primaryImageOfPage\":{\"@id\":\"https:\\\/\\\/lepetitcoursdurocher.com\\\/fr\\\/ecole-bilingue-paris\\\/ecole-maternelle\\\/#primaryimage\"},\"image\":{\"@id\":\"https:\\\/\\\/lepetitcoursdurocher.com\\\/fr\\\/ecole-bilingue-paris\\\/ecole-maternelle\\\/#primaryimage\"},\"thumbnailUrl\":\"https:\\\/\\\/lepetitcoursdurocher.com\\\/wp-content\\\/uploads\\\/2023\\\/06\\\/maternelle-reading-quantum-compting-scaled.jpg\",\"datePublished\":\"2024-01-22T17:30:27+00:00\",\"dateModified\":\"2025-10-03T09:09:17+00:00\",\"description\":\"D\u00e9couvrez Le Petit Cours du Rocher, l'\u00c9cole Maternelle Bilingue \u00e0 Paris \u2714\ufe0fPetite Section (3-4 ANS) \u2714\ufe0f Moyenne Section (4-5 ANS) \u2714\ufe0fGrande Section (5-6 ANS)\",\"breadcrumb\":{\"@id\":\"https:\\\/\\\/lepetitcoursdurocher.com\\\/fr\\\/ecole-bilingue-paris\\\/ecole-maternelle\\\/#breadcrumb\"},\"inLanguage\":\"fr-FR\",\"potentialAction\":[{\"@type\":\"ReadAction\",\"target\":[\"https:\\\/\\\/lepetitcoursdurocher.com\\\/fr\\\/ecole-bilingue-paris\\\/ecole-maternelle\\\/\"]}]},{\"@type\":\"ImageObject\",\"inLanguage\":\"fr-FR\",\"@id\":\"https:\\\/\\\/lepetitcoursdurocher.com\\\/fr\\\/ecole-bilingue-paris\\\/ecole-maternelle\\\/#primaryimage\",\"url\":\"https:\\\/\\\/lepetitcoursdurocher.com\\\/wp-content\\\/uploads\\\/2023\\\/06\\\/maternelle-reading-quantum-compting-scaled.jpg\",\"contentUrl\":\"https:\\\/\\\/lepetitcoursdurocher.com\\\/wp-content\\\/uploads\\\/2023\\\/06\\\/maternelle-reading-quantum-compting-scaled.jpg\",\"width\":2560,\"height\":1920},{\"@type\":\"BreadcrumbList\",\"@id\":\"https:\\\/\\\/lepetitcoursdurocher.com\\\/fr\\\/ecole-bilingue-paris\\\/ecole-maternelle\\\/#breadcrumb\",\"itemListElement\":[{\"@type\":\"ListItem\",\"position\":1,\"name\":\"Home\",\"item\":\"https:\\\/\\\/lepetitcoursdurocher.com\\\/fr\\\/\"},{\"@type\":\"ListItem\",\"position\":2,\"name\":\"\u00c9coles\",\"item\":\"https:\\\/\\\/lepetitcoursdurocher.com\\\/fr\\\/ecole-bilingue-paris\\\/\"},{\"@type\":\"ListItem\",\"position\":3,\"name\":\"Ecole Maternelle Bilingue\"}]},{\"@type\":\"WebSite\",\"@id\":\"https:\\\/\\\/lepetitcoursdurocher.com\\\/#website\",\"url\":\"https:\\\/\\\/lepetitcoursdurocher.com\\\/\",\"name\":\"Le Petit Cours du Rocher\",\"description\":\"cr\u00e8che bilingue \u00e9cole maternelle bilingue et \u00e9cole primaire bilingues \u00e0 Paris\",\"publisher\":{\"@id\":\"https:\\\/\\\/lepetitcoursdurocher.com\\\/#organization\"},\"potentialAction\":[{\"@type\":\"SearchAction\",\"target\":{\"@type\":\"EntryPoint\",\"urlTemplate\":\"https:\\\/\\\/lepetitcoursdurocher.com\\\/?s={search_term_string}\"},\"query-input\":{\"@type\":\"PropertyValueSpecification\",\"valueRequired\":true,\"valueName\":\"search_term_string\"}}],\"inLanguage\":\"fr-FR\"},{\"@type\":\"Organization\",\"@id\":\"https:\\\/\\\/lepetitcoursdurocher.com\\\/#organization\",\"name\":\"Le Petit Cours du Rocher\",\"alternateName\":\"Le Cours du Rocher\",\"url\":\"https:\\\/\\\/lepetitcoursdurocher.com\\\/\",\"logo\":{\"@type\":\"ImageObject\",\"inLanguage\":\"fr-FR\",\"@id\":\"https:\\\/\\\/lepetitcoursdurocher.com\\\/#\\\/schema\\\/logo\\\/image\\\/\",\"url\":\"https:\\\/\\\/lepetitcoursdurocher.com\\\/wp-content\\\/uploads\\\/2024\\\/02\\\/logo-le-petit-cours-du-rocher-footer.png\",\"contentUrl\":\"https:\\\/\\\/lepetitcoursdurocher.com\\\/wp-content\\\/uploads\\\/2024\\\/02\\\/logo-le-petit-cours-du-rocher-footer.png\",\"width\":448,\"height\":448,\"caption\":\"Le Petit Cours du Rocher\"},\"image\":{\"@id\":\"https:\\\/\\\/lepetitcoursdurocher.com\\\/#\\\/schema\\\/logo\\\/image\\\/\"}}]}<\/script>\n<!-- \/ Yoast SEO plugin. -->","yoast_head_json":{"title":"L'\u00c9cole Maternelle Bilingue de R\u00e9f\u00e9rence \u00e0 Paris depuis 1953 - Le Petit Cours du Rocher","description":"D\u00e9couvrez Le Petit Cours du Rocher, l'\u00c9cole Maternelle Bilingue \u00e0 Paris \u2714\ufe0fPetite Section (3-4 ANS) \u2714\ufe0f Moyenne Section (4-5 ANS) \u2714\ufe0fGrande Section (5-6 ANS)","robots":{"index":"index","follow":"follow","max-snippet":"max-snippet:-1","max-image-preview":"max-image-preview:large","max-video-preview":"max-video-preview:-1"},"canonical":"https:\/\/lepetitcoursdurocher.com\/fr\/ecole-bilingue-paris\/ecole-maternelle\/","og_locale":"fr_FR","og_type":"article","og_title":"L'\u00c9cole Maternelle Bilingue de R\u00e9f\u00e9rence \u00e0 Paris depuis 1953 - Le Petit Cours du Rocher","og_description":"D\u00e9couvrez Le Petit Cours du Rocher, l'\u00c9cole Maternelle Bilingue \u00e0 Paris \u2714\ufe0fPetite Section (3-4 ANS) \u2714\ufe0f Moyenne Section (4-5 ANS) \u2714\ufe0fGrande Section (5-6 ANS)","og_url":"https:\/\/lepetitcoursdurocher.com\/fr\/ecole-bilingue-paris\/ecole-maternelle\/","og_site_name":"Le Petit Cours du Rocher","article_modified_time":"2025-10-03T09:09:17+00:00","og_image":[{"width":2560,"height":1920,"url":"https:\/\/lepetitcoursdurocher.com\/wp-content\/uploads\/2023\/06\/maternelle-reading-quantum-compting-scaled.jpg","type":"image\/jpeg"}],"twitter_card":"summary_large_image","twitter_misc":{"Dur\u00e9e de lecture estim\u00e9e":"3 minutes"},"schema":{"@context":"https:\/\/schema.org","@graph":[{"@type":"WebPage","@id":"https:\/\/lepetitcoursdurocher.com\/fr\/ecole-bilingue-paris\/ecole-maternelle\/","url":"https:\/\/lepetitcoursdurocher.com\/fr\/ecole-bilingue-paris\/ecole-maternelle\/","name":"L'\u00c9cole Maternelle Bilingue de R\u00e9f\u00e9rence \u00e0 Paris depuis 1953 - Le Petit Cours du Rocher","isPartOf":{"@id":"https:\/\/lepetitcoursdurocher.com\/#website"},"primaryImageOfPage":{"@id":"https:\/\/lepetitcoursdurocher.com\/fr\/ecole-bilingue-paris\/ecole-maternelle\/#primaryimage"},"image":{"@id":"https:\/\/lepetitcoursdurocher.com\/fr\/ecole-bilingue-paris\/ecole-maternelle\/#primaryimage"},"thumbnailUrl":"https:\/\/lepetitcoursdurocher.com\/wp-content\/uploads\/2023\/06\/maternelle-reading-quantum-compting-scaled.jpg","datePublished":"2024-01-22T17:30:27+00:00","dateModified":"2025-10-03T09:09:17+00:00","description":"D\u00e9couvrez Le Petit Cours du Rocher, l'\u00c9cole Maternelle Bilingue \u00e0 Paris \u2714\ufe0fPetite Section (3-4 ANS) \u2714\ufe0f Moyenne Section (4-5 ANS) \u2714\ufe0fGrande Section (5-6 ANS)","breadcrumb":{"@id":"https:\/\/lepetitcoursdurocher.com\/fr\/ecole-bilingue-paris\/ecole-maternelle\/#breadcrumb"},"inLanguage":"fr-FR","potentialAction":[{"@type":"ReadAction","target":["https:\/\/lepetitcoursdurocher.com\/fr\/ecole-bilingue-paris\/ecole-maternelle\/"]}]},{"@type":"ImageObject","inLanguage":"fr-FR","@id":"https:\/\/lepetitcoursdurocher.com\/fr\/ecole-bilingue-paris\/ecole-maternelle\/#primaryimage","url":"https:\/\/lepetitcoursdurocher.com\/wp-content\/uploads\/2023\/06\/maternelle-reading-quantum-compting-scaled.jpg","contentUrl":"https:\/\/lepetitcoursdurocher.com\/wp-content\/uploads\/2023\/06\/maternelle-reading-quantum-compting-scaled.jpg","width":2560,"height":1920},{"@type":"BreadcrumbList","@id":"https:\/\/lepetitcoursdurocher.com\/fr\/ecole-bilingue-paris\/ecole-maternelle\/#breadcrumb","itemListElement":[{"@type":"ListItem","position":1,"name":"Home","item":"https:\/\/lepetitcoursdurocher.com\/fr\/"},{"@type":"ListItem","position":2,"name":"\u00c9coles","item":"https:\/\/lepetitcoursdurocher.com\/fr\/ecole-bilingue-paris\/"},{"@type":"ListItem","position":3,"name":"Ecole Maternelle Bilingue"}]},{"@type":"WebSite","@id":"https:\/\/lepetitcoursdurocher.com\/#website","url":"https:\/\/lepetitcoursdurocher.com\/","name":"Le Petit Cours du Rocher","description":"cr\u00e8che bilingue \u00e9cole maternelle bilingue et \u00e9cole primaire bilingues \u00e0 Paris","publisher":{"@id":"https:\/\/lepetitcoursdurocher.com\/#organization"},"potentialAction":[{"@type":"SearchAction","target":{"@type":"EntryPoint","urlTemplate":"https:\/\/lepetitcoursdurocher.com\/?s={search_term_string}"},"query-input":{"@type":"PropertyValueSpecification","valueRequired":true,"valueName":"search_term_string"}}],"inLanguage":"fr-FR"},{"@type":"Organization","@id":"https:\/\/lepetitcoursdurocher.com\/#organization","name":"Le Petit Cours du Rocher","alternateName":"Le Cours du Rocher","url":"https:\/\/lepetitcoursdurocher.com\/","logo":{"@type":"ImageObject","inLanguage":"fr-FR","@id":"https:\/\/lepetitcoursdurocher.com\/#\/schema\/logo\/image\/","url":"https:\/\/lepetitcoursdurocher.com\/wp-content\/uploads\/2024\/02\/logo-le-petit-cours-du-rocher-footer.png","contentUrl":"https:\/\/lepetitcoursdurocher.com\/wp-content\/uploads\/2024\/02\/logo-le-petit-cours-du-rocher-footer.png","width":448,"height":448,"caption":"Le Petit Cours du Rocher"},"image":{"@id":"https:\/\/lepetitcoursdurocher.com\/#\/schema\/logo\/image\/"}}]}},"_links":{"self":[{"href":"https:\/\/lepetitcoursdurocher.com\/fr\/wp-json\/wp\/v2\/pages\/1241","targetHints":{"allow":["GET"]}}],"collection":[{"href":"https:\/\/lepetitcoursdurocher.com\/fr\/wp-json\/wp\/v2\/pages"}],"about":[{"href":"https:\/\/lepetitcoursdurocher.com\/fr\/wp-json\/wp\/v2\/types\/page"}],"author":[{"embeddable":true,"href":"https:\/\/lepetitcoursdurocher.com\/fr\/wp-json\/wp\/v2\/users\/2"}],"replies":[{"embeddable":true,"href":"https:\/\/lepetitcoursdurocher.com\/fr\/wp-json\/wp\/v2\/comments?post=1241"}],"version-history":[{"count":1,"href":"https:\/\/lepetitcoursdurocher.com\/fr\/wp-json\/wp\/v2\/pages\/1241\/revisions"}],"predecessor-version":[{"id":1697,"href":"https:\/\/lepetitcoursdurocher.com\/fr\/wp-json\/wp\/v2\/pages\/1241\/revisions\/1697"}],"up":[{"embeddable":true,"href":"https:\/\/lepetitcoursdurocher.com\/fr\/wp-json\/wp\/v2\/pages\/1000"}],"wp:featuredmedia":[{"embeddable":true,"href":"https:\/\/lepetitcoursdurocher.com\/fr\/wp-json\/wp\/v2\/media\/868"}],"wp:attachment":[{"href":"https:\/\/lepetitcoursdurocher.com\/fr\/wp-json\/wp\/v2\/media?parent=1241"}],"curies":[{"name":"wp","href":"https:\/\/api.w.org\/{rel}","templated":true}]}}