{"id":1000,"date":"2023-04-17T10:47:49","date_gmt":"2023-04-17T09:47:49","guid":{"rendered":"https:\/\/juicyagency.com\/preprod\/schools-french\/"},"modified":"2025-10-03T10:08:09","modified_gmt":"2025-10-03T09:08:09","slug":"ecole-bilingue-paris","status":"publish","type":"page","link":"https:\/\/lepetitcoursdurocher.com\/fr\/ecole-bilingue-paris\/","title":{"rendered":"\u00c9coles"},"content":{"rendered":"<div id=\"cs-content\" class=\"cs-content\"><\/div>\n","protected":false},"excerpt":{"rendered":"<p>Une &Eacute;cole Bilingue Diff&eacute;rente Bienvenue au Petit Cours du Rocher, une &eacute;cole bilingue o&ugrave; l&rsquo;excellence acad&eacute;mique rencontre la richesse de deux langues. Fond&eacute;e en 1953, Le Petit Cours du Rocher est l&rsquo;une des rares &eacute;coles bilingues &agrave; Paris proposant un enseignement bilingue en immersion 50% fran&ccedil;ais &ndash; 50% anglais. Les enseignement en fran&ccedil;ais et en anglais pour les enfants se &#8230; <a href=\"https:\/\/lepetitcoursdurocher.com\/fr\/ecole-bilingue-paris\/\" class=\"more-link\">Read More<\/a><\/p>\n","protected":false},"author":2,"featured_media":0,"parent":0,"menu_order":0,"comment_status":"closed","ping_status":"closed","template":"template-blank-4.php","meta":{"footnotes":""},"class_list":["post-1000","page","type-page","status-publish","hentry","no-post-thumbnail"],"yoast_head":"<!-- This site is optimized with the Yoast SEO plugin v27.4 - https:\/\/yoast.com\/product\/yoast-seo-wordpress\/ -->\n<title>L&#039;\u00c9cole Bilingue de R\u00e9f\u00e9rence \u00e0 Paris depuis 1953 - Le Petit Cours du Rocher<\/title>\n<meta name=\"description\" content=\"D\u00e9couvrez les cours en immersion 50% fran\u00e7ais \/ 50% anglais de l&#039;\u00c9cole Bilingue Le Petit Cours du Rocher \u2713D\u00e8s deux ans \u2713Cr\u00e8che \u2713Maternelle \u2713Primaire\" \/>\n<meta name=\"robots\" content=\"index, follow, max-snippet:-1, max-image-preview:large, max-video-preview:-1\" \/>\n<link rel=\"canonical\" href=\"https:\/\/lepetitcoursdurocher.com\/fr\/ecole-bilingue-paris\/\" \/>\n<meta property=\"og:locale\" content=\"fr_FR\" \/>\n<meta property=\"og:type\" content=\"article\" \/>\n<meta property=\"og:title\" content=\"L&#039;\u00c9cole Bilingue de R\u00e9f\u00e9rence \u00e0 Paris depuis 1953 - Le Petit Cours du Rocher\" \/>\n<meta property=\"og:description\" content=\"D\u00e9couvrez les cours en immersion 50% fran\u00e7ais \/ 50% anglais de l&#039;\u00c9cole Bilingue Le Petit Cours du Rocher \u2713D\u00e8s deux ans \u2713Cr\u00e8che \u2713Maternelle \u2713Primaire\" \/>\n<meta property=\"og:url\" content=\"https:\/\/lepetitcoursdurocher.com\/fr\/ecole-bilingue-paris\/\" \/>\n<meta property=\"og:site_name\" content=\"Le Petit Cours du Rocher\" \/>\n<meta property=\"article:modified_time\" content=\"2025-10-03T09:08:09+00:00\" \/>\n<meta property=\"og:image\" content=\"https:\/\/lepetitcoursdurocher.com\/wp-content\/uploads\/2023\/06\/maternelle-reading-quantum-compting-1-scaled.jpg\" \/>\n\t<meta property=\"og:image:width\" content=\"2560\" \/>\n\t<meta property=\"og:image:height\" content=\"1920\" \/>\n\t<meta property=\"og:image:type\" content=\"image\/jpeg\" \/>\n<meta name=\"twitter:card\" content=\"summary_large_image\" \/>\n<meta name=\"twitter:label1\" content=\"Dur\u00e9e de lecture estim\u00e9e\" \/>\n\t<meta name=\"twitter:data1\" content=\"2 minutes\" \/>\n<script type=\"application\/ld+json\" class=\"yoast-schema-graph\">{\"@context\":\"https:\\\/\\\/schema.org\",\"@graph\":[{\"@type\":\"WebPage\",\"@id\":\"https:\\\/\\\/lepetitcoursdurocher.com\\\/fr\\\/ecole-bilingue-paris\\\/\",\"url\":\"https:\\\/\\\/lepetitcoursdurocher.com\\\/fr\\\/ecole-bilingue-paris\\\/\",\"name\":\"L'\u00c9cole Bilingue de R\u00e9f\u00e9rence \u00e0 Paris depuis 1953 - Le Petit Cours du Rocher\",\"isPartOf\":{\"@id\":\"https:\\\/\\\/lepetitcoursdurocher.com\\\/#website\"},\"datePublished\":\"2023-04-17T09:47:49+00:00\",\"dateModified\":\"2025-10-03T09:08:09+00:00\",\"description\":\"D\u00e9couvrez les cours en immersion 50% fran\u00e7ais \\\/ 50% anglais de l'\u00c9cole Bilingue Le Petit Cours du Rocher \u2713D\u00e8s deux ans \u2713Cr\u00e8che \u2713Maternelle \u2713Primaire\",\"breadcrumb\":{\"@id\":\"https:\\\/\\\/lepetitcoursdurocher.com\\\/fr\\\/ecole-bilingue-paris\\\/#breadcrumb\"},\"inLanguage\":\"fr-FR\",\"potentialAction\":[{\"@type\":\"ReadAction\",\"target\":[\"https:\\\/\\\/lepetitcoursdurocher.com\\\/fr\\\/ecole-bilingue-paris\\\/\"]}]},{\"@type\":\"BreadcrumbList\",\"@id\":\"https:\\\/\\\/lepetitcoursdurocher.com\\\/fr\\\/ecole-bilingue-paris\\\/#breadcrumb\",\"itemListElement\":[{\"@type\":\"ListItem\",\"position\":1,\"name\":\"Home\",\"item\":\"https:\\\/\\\/lepetitcoursdurocher.com\\\/fr\\\/\"},{\"@type\":\"ListItem\",\"position\":2,\"name\":\"\u00c9coles\"}]},{\"@type\":\"WebSite\",\"@id\":\"https:\\\/\\\/lepetitcoursdurocher.com\\\/#website\",\"url\":\"https:\\\/\\\/lepetitcoursdurocher.com\\\/\",\"name\":\"Le Petit Cours du Rocher\",\"description\":\"cr\u00e8che bilingue \u00e9cole maternelle bilingue et \u00e9cole primaire bilingues \u00e0 Paris\",\"publisher\":{\"@id\":\"https:\\\/\\\/lepetitcoursdurocher.com\\\/#organization\"},\"potentialAction\":[{\"@type\":\"SearchAction\",\"target\":{\"@type\":\"EntryPoint\",\"urlTemplate\":\"https:\\\/\\\/lepetitcoursdurocher.com\\\/?s={search_term_string}\"},\"query-input\":{\"@type\":\"PropertyValueSpecification\",\"valueRequired\":true,\"valueName\":\"search_term_string\"}}],\"inLanguage\":\"fr-FR\"},{\"@type\":\"Organization\",\"@id\":\"https:\\\/\\\/lepetitcoursdurocher.com\\\/#organization\",\"name\":\"Le Petit Cours du Rocher\",\"alternateName\":\"Le Cours du Rocher\",\"url\":\"https:\\\/\\\/lepetitcoursdurocher.com\\\/\",\"logo\":{\"@type\":\"ImageObject\",\"inLanguage\":\"fr-FR\",\"@id\":\"https:\\\/\\\/lepetitcoursdurocher.com\\\/#\\\/schema\\\/logo\\\/image\\\/\",\"url\":\"https:\\\/\\\/lepetitcoursdurocher.com\\\/wp-content\\\/uploads\\\/2024\\\/02\\\/logo-le-petit-cours-du-rocher-footer.png\",\"contentUrl\":\"https:\\\/\\\/lepetitcoursdurocher.com\\\/wp-content\\\/uploads\\\/2024\\\/02\\\/logo-le-petit-cours-du-rocher-footer.png\",\"width\":448,\"height\":448,\"caption\":\"Le Petit Cours du Rocher\"},\"image\":{\"@id\":\"https:\\\/\\\/lepetitcoursdurocher.com\\\/#\\\/schema\\\/logo\\\/image\\\/\"}}]}<\/script>\n<!-- \/ Yoast SEO plugin. -->","yoast_head_json":{"title":"L'\u00c9cole Bilingue de R\u00e9f\u00e9rence \u00e0 Paris depuis 1953 - Le Petit Cours du Rocher","description":"D\u00e9couvrez les cours en immersion 50% fran\u00e7ais \/ 50% anglais de l'\u00c9cole Bilingue Le Petit Cours du Rocher \u2713D\u00e8s deux ans \u2713Cr\u00e8che \u2713Maternelle \u2713Primaire","robots":{"index":"index","follow":"follow","max-snippet":"max-snippet:-1","max-image-preview":"max-image-preview:large","max-video-preview":"max-video-preview:-1"},"canonical":"https:\/\/lepetitcoursdurocher.com\/fr\/ecole-bilingue-paris\/","og_locale":"fr_FR","og_type":"article","og_title":"L'\u00c9cole Bilingue de R\u00e9f\u00e9rence \u00e0 Paris depuis 1953 - Le Petit Cours du Rocher","og_description":"D\u00e9couvrez les cours en immersion 50% fran\u00e7ais \/ 50% anglais de l'\u00c9cole Bilingue Le Petit Cours du Rocher \u2713D\u00e8s deux ans \u2713Cr\u00e8che \u2713Maternelle \u2713Primaire","og_url":"https:\/\/lepetitcoursdurocher.com\/fr\/ecole-bilingue-paris\/","og_site_name":"Le Petit Cours du Rocher","article_modified_time":"2025-10-03T09:08:09+00:00","og_image":[{"width":2560,"height":1920,"url":"https:\/\/lepetitcoursdurocher.com\/wp-content\/uploads\/2023\/06\/maternelle-reading-quantum-compting-1-scaled.jpg","type":"image\/jpeg"}],"twitter_card":"summary_large_image","twitter_misc":{"Dur\u00e9e de lecture estim\u00e9e":"2 minutes"},"schema":{"@context":"https:\/\/schema.org","@graph":[{"@type":"WebPage","@id":"https:\/\/lepetitcoursdurocher.com\/fr\/ecole-bilingue-paris\/","url":"https:\/\/lepetitcoursdurocher.com\/fr\/ecole-bilingue-paris\/","name":"L'\u00c9cole Bilingue de R\u00e9f\u00e9rence \u00e0 Paris depuis 1953 - Le Petit Cours du Rocher","isPartOf":{"@id":"https:\/\/lepetitcoursdurocher.com\/#website"},"datePublished":"2023-04-17T09:47:49+00:00","dateModified":"2025-10-03T09:08:09+00:00","description":"D\u00e9couvrez les cours en immersion 50% fran\u00e7ais \/ 50% anglais de l'\u00c9cole Bilingue Le Petit Cours du Rocher \u2713D\u00e8s deux ans \u2713Cr\u00e8che \u2713Maternelle \u2713Primaire","breadcrumb":{"@id":"https:\/\/lepetitcoursdurocher.com\/fr\/ecole-bilingue-paris\/#breadcrumb"},"inLanguage":"fr-FR","potentialAction":[{"@type":"ReadAction","target":["https:\/\/lepetitcoursdurocher.com\/fr\/ecole-bilingue-paris\/"]}]},{"@type":"BreadcrumbList","@id":"https:\/\/lepetitcoursdurocher.com\/fr\/ecole-bilingue-paris\/#breadcrumb","itemListElement":[{"@type":"ListItem","position":1,"name":"Home","item":"https:\/\/lepetitcoursdurocher.com\/fr\/"},{"@type":"ListItem","position":2,"name":"\u00c9coles"}]},{"@type":"WebSite","@id":"https:\/\/lepetitcoursdurocher.com\/#website","url":"https:\/\/lepetitcoursdurocher.com\/","name":"Le Petit Cours du Rocher","description":"cr\u00e8che bilingue \u00e9cole maternelle bilingue et \u00e9cole primaire bilingues \u00e0 Paris","publisher":{"@id":"https:\/\/lepetitcoursdurocher.com\/#organization"},"potentialAction":[{"@type":"SearchAction","target":{"@type":"EntryPoint","urlTemplate":"https:\/\/lepetitcoursdurocher.com\/?s={search_term_string}"},"query-input":{"@type":"PropertyValueSpecification","valueRequired":true,"valueName":"search_term_string"}}],"inLanguage":"fr-FR"},{"@type":"Organization","@id":"https:\/\/lepetitcoursdurocher.com\/#organization","name":"Le Petit Cours du Rocher","alternateName":"Le Cours du Rocher","url":"https:\/\/lepetitcoursdurocher.com\/","logo":{"@type":"ImageObject","inLanguage":"fr-FR","@id":"https:\/\/lepetitcoursdurocher.com\/#\/schema\/logo\/image\/","url":"https:\/\/lepetitcoursdurocher.com\/wp-content\/uploads\/2024\/02\/logo-le-petit-cours-du-rocher-footer.png","contentUrl":"https:\/\/lepetitcoursdurocher.com\/wp-content\/uploads\/2024\/02\/logo-le-petit-cours-du-rocher-footer.png","width":448,"height":448,"caption":"Le Petit Cours du Rocher"},"image":{"@id":"https:\/\/lepetitcoursdurocher.com\/#\/schema\/logo\/image\/"}}]}},"_links":{"self":[{"href":"https:\/\/lepetitcoursdurocher.com\/fr\/wp-json\/wp\/v2\/pages\/1000","targetHints":{"allow":["GET"]}}],"collection":[{"href":"https:\/\/lepetitcoursdurocher.com\/fr\/wp-json\/wp\/v2\/pages"}],"about":[{"href":"https:\/\/lepetitcoursdurocher.com\/fr\/wp-json\/wp\/v2\/types\/page"}],"author":[{"embeddable":true,"href":"https:\/\/lepetitcoursdurocher.com\/fr\/wp-json\/wp\/v2\/users\/2"}],"replies":[{"embeddable":true,"href":"https:\/\/lepetitcoursdurocher.com\/fr\/wp-json\/wp\/v2\/comments?post=1000"}],"version-history":[{"count":3,"href":"https:\/\/lepetitcoursdurocher.com\/fr\/wp-json\/wp\/v2\/pages\/1000\/revisions"}],"predecessor-version":[{"id":1719,"href":"https:\/\/lepetitcoursdurocher.com\/fr\/wp-json\/wp\/v2\/pages\/1000\/revisions\/1719"}],"wp:attachment":[{"href":"https:\/\/lepetitcoursdurocher.com\/fr\/wp-json\/wp\/v2\/media?parent=1000"}],"curies":[{"name":"wp","href":"https:\/\/api.w.org\/{rel}","templated":true}]}}